{"id":6999,"date":"2023-06-17T11:32:40","date_gmt":"2023-06-17T09:32:40","guid":{"rendered":"https:\/\/ramirezgalvez.com\/rechtlicher-hinweis\/"},"modified":"2025-10-16T18:37:14","modified_gmt":"2025-10-16T16:37:14","slug":"rechtlicher-hinweis","status":"publish","type":"page","link":"https:\/\/ramirezgalvez.com\/de\/rechtlicher-hinweis\/","title":{"rendered":"Rechtlicher Hinweis"},"content":{"rendered":"\t\t<div data-elementor-type=\"wp-page\" data-elementor-id=\"6999\" class=\"elementor elementor-6999 elementor-28\" data-elementor-post-type=\"page\">\n\t\t\t\t<div class=\"aux-parallax-section elementor-element elementor-element-24be0e7d e-flex e-con-boxed e-con e-parent\" data-id=\"24be0e7d\" data-element_type=\"container\" data-e-type=\"container\">\n\t\t\t\t\t<div class=\"e-con-inner\">\n\t\t\t\t<div class=\"elementor-element elementor-element-22a6c4a elementor-widget elementor-widget-aux_modern_heading\" data-id=\"22a6c4a\" data-element_type=\"widget\" data-e-type=\"widget\" data-widget_type=\"aux_modern_heading.default\">\n\t\t\t\t<div class=\"elementor-widget-container\">\n\t\t\t\t\t<section class=\"aux-widget-modern-heading\">\n            <div class=\"aux-widget-inner\"><h2 class=\"aux-modern-heading-primary\">https:\/\/ramirezgalvez.com<\/h2><h1 class=\"aux-modern-heading-secondary\"><span class=\"aux-head-before\">Hinweis <\/span><span class=\"aux-head-highlight\">Legal<\/span><\/h1><div class=\"aux-modern-heading-description\"><header class=\"text-center\"><p>Datum des Inkrafttretens: 10. Februar 2025<br>Letzte Aktualisierung: 10. Februar 2025<\/p><h3><b>I. ALLGEMEINE INFORMATIONEN<\/b><\/h3><p><span style=\"font-weight: 400\">Gem\u00e4\u00df der Informationspflicht, die im Gesetz 34\/2002 \u00fcber die Dienste der Informationsgesellschaft und den elektronischen Handel (LSSI-CE) vom 11. Juli festgelegt ist, finden Sie im Folgenden allgemeine Informationen zu dieser Website:<\/span><\/p><p><span style=\"font-weight: 400\">Das Eigentum an dieser Website, <\/span><a href=\"https:\/\/ramirezgalvez.com\/de\/\"><span style=\"font-weight: 400\">https:\/\/ramirezgalvez.com<\/span><\/a><span style=\"font-weight: 400\">(nachstehend Website) liegt bei: Ram\u00edrez &amp; G\u00e1lvez, CIF: B09811498, deren Kontaktdaten lauten:<\/span><\/p><p><span style=\"font-weight: 400\">Kontakt-Telefonnummer: 671 026 469<\/span><\/p><p><span style=\"font-weight: 400\">Kontakt E-Mail: info@ramirezgalvez.com<\/span><\/p><h3><b>II. ALLGEMEINE NUTZUNGSBEDINGUNGEN <\/b><\/h3><h4><b>Der Gegenstand der Bedingungen und Konditionen: Die Website<\/b><\/h4><p><span style=\"font-weight: 400\">Zweck dieser Allgemeinen Nutzungsbedingungen (im Folgenden Bedingungen) ist es, den Zugang zu und die Nutzung der Website zu regeln. Im Sinne dieser Allgemeinen Nutzungsbedingungen sind unter der Website zu verstehen: das \u00e4u\u00dfere Erscheinungsbild der Bildschirmoberfl\u00e4chen, sowohl statisch als auch dynamisch, d.h. der Navigationsbaum; und alle Elemente, die sowohl in die Bildschirmoberfl\u00e4chen als auch in den Navigationsbaum integriert sind (im Folgenden: Inhalt) sowie alle Online-Dienste oder Ressourcen, die den Nutzern angeboten werden k\u00f6nnen (im Folgenden: Dienste). <\/span><\/p><p><span style=\"font-weight: 400\">Ram\u00edrez &amp; G\u00e1lvez beh\u00e4lt sich das Recht vor, jederzeit und ohne vorherige Ank\u00fcndigung die Pr\u00e4sentation und Konfiguration der Website sowie die darin enthaltenen Inhalte und Dienstleistungen zu \u00e4ndern. Der Benutzer nimmt zur Kenntnis und akzeptiert, dass Ram\u00edrez &amp; G\u00e1lvez jederzeit die M\u00f6glichkeit hat, jedes dieser Elemente der Website oder den Zugang zu ihnen zu unterbrechen, zu deaktivieren und\/oder zu l\u00f6schen. <\/span><\/p><p><span style=\"font-weight: 400\">Der Zugriff des Nutzers auf die Website ist kostenlos und erfolgt in der Regel unentgeltlich, ohne dass der Nutzer daf\u00fcr eine Gegenleistung erbringen muss, mit Ausnahme der Kosten f\u00fcr die Verbindung \u00fcber das Telekommunikationsnetz, die von dem vom Nutzer beauftragten Zugangsanbieter bereitgestellt werden.<\/span><\/p><p><span style=\"font-weight: 400\">Die Nutzung der Inhalte oder Dienste der Website kann durch ein vorheriges Abonnement oder eine Registrierung des Nutzers erfolgen.<\/span><\/p><h4><b>Der Benutzer<\/b><\/h4><p><span style=\"font-weight: 400\">Der Zugang, das Durchsuchen und die Nutzung der Website sowie der f\u00fcr die Interaktion zwischen den Nutzern und zwischen dem Nutzer und Ram\u00edrez &amp; G\u00e1lvez zur Verf\u00fcgung gestellten Bereiche, wie z.B. Kommentare und\/oder Blogging-Bereiche, verleihen dem Nutzer die Eigenschaft eines Nutzers. Daher akzeptiert der Nutzer ab dem Zeitpunkt, an dem er auf der Website surft, alle hier festgelegten Bedingungen sowie deren sp\u00e4tere \u00c4nderungen, unbeschadet der Anwendung der entsprechenden gesetzlichen Vorschriften, die gegebenenfalls einzuhalten sind. In Anbetracht der Relevanz des Vorstehenden wird dem Benutzer empfohlen, sie bei jedem Besuch der Website zu lesen. <\/span><\/p><p><span style=\"font-weight: 400\">Die Website von Ram\u00edrez &amp; G\u00e1lvez bietet eine breite Palette an Informationen, Dienstleistungen und Daten. Der Nutzer \u00fcbernimmt die Verantwortung f\u00fcr die korrekte Nutzung der Website. Diese Verantwortung erstreckt sich auf:  <\/span><\/p><ul><li style=\"font-weight: 400\"><span style=\"font-weight: 400\">Jegliche Nutzung der von Ram\u00edrez &amp; G\u00e1lvez angebotenen Informationen, Inhalte und\/oder Dienstleistungen und Daten, die gegen die Bestimmungen dieser Bedingungen, das Gesetz, die guten Sitten oder die \u00f6ffentliche Ordnung verst\u00f6\u00dft oder in sonstiger Weise den Rechten Dritter oder dem Betrieb der Website schaden kann.<\/span><\/li><li style=\"font-weight: 400\"><span style=\"font-weight: 400\">Die Wahrhaftigkeit und Rechtm\u00e4\u00dfigkeit der Informationen, die der Benutzer in den von Ram\u00edrez &amp; G\u00e1lvez ausgestellten Formularen f\u00fcr den Zugang zu bestimmten Inhalten oder Dienstleistungen, die auf der Website angeboten werden, angegeben hat. In jedem Fall ist der Nutzer verpflichtet, Ram\u00edrez &amp; G\u00e1lvez unverz\u00fcglich \u00fcber jedes Ereignis zu informieren, das eine missbr\u00e4uchliche Verwendung der in den genannten Formularen eingetragenen Informationen erm\u00f6glicht, wie z.B. Diebstahl, Verlust oder unbefugter Zugriff auf Identifizierungsmerkmale und\/oder Passw\u00f6rter, um deren sofortige L\u00f6schung zu veranlassen. <\/span><\/li><\/ul><p><span style=\"font-weight: 400\">In jedem Fall ist Ram\u00edrez &amp; G\u00e1lvez nicht f\u00fcr die Meinungen verantwortlich, die von Nutzern \u00fcber Kommentare oder andere Blogging- oder Partizipations-Tools ge\u00e4u\u00dfert werden, die verf\u00fcgbar sind.<\/span><\/p><p><span style=\"font-weight: 400\">Der blo\u00dfe Zugriff auf diese Website bedeutet nicht, dass irgendeine Art von Gesch\u00e4ftsbeziehung zwischen Ram\u00edrez &amp; G\u00e1lvez und dem Benutzer entsteht.<\/span><\/p><p><span style=\"font-weight: 400\">Der Benutzer erkl\u00e4rt, dass er vollj\u00e4hrig und ausreichend gesch\u00e4ftsf\u00e4hig ist, um an diese Bedingungen gebunden zu sein. Daher richtet sich diese Ram\u00edrez &amp; G\u00e1lvez-Website nicht an Minderj\u00e4hrige. Ram\u00edrez &amp; G\u00e1lvez lehnt jede Verantwortung f\u00fcr die Nichteinhaltung dieser Anforderung ab.  <\/span><\/p><p><span style=\"font-weight: 400\">Die Website ist in erster Linie f\u00fcr Benutzer mit Wohnsitz in Spanien bestimmt. Ram\u00edrez &amp; G\u00e1lvez gibt keine Zusicherung, dass die Website ganz oder teilweise mit den Gesetzen anderer L\u00e4nder \u00fcbereinstimmt. Wenn der Nutzer an einem anderen Ort wohnt oder seinen Wohnsitz hat und beschlie\u00dft, auf die Website zuzugreifen und\/oder sie zu durchsuchen, tut er dies auf eigene Verantwortung und muss sicherstellen, dass dieser Zugriff und das Durchsuchen mit der f\u00fcr ihn geltenden lokalen Gesetzgebung \u00fcbereinstimmen, und Ram\u00edrez &amp; G\u00e1lvez \u00fcbernimmt keinerlei Haftung, die sich aus einem solchen Zugriff ergeben k\u00f6nnte.  <\/span><\/p><h3><b>III. ZUGANG UND NAVIGATION AUF DER WEBSITE: AUSSCHLUSS VON GARANTIEN UND HAFTUNG <\/b><\/h3><p><span style=\"font-weight: 400\">Ram\u00edrez &amp; G\u00e1lvez \u00fcbernimmt keine Garantie f\u00fcr die Kontinuit\u00e4t, die Verf\u00fcgbarkeit und die N\u00fctzlichkeit der Website, der Inhalte oder der Dienstleistungen. Ram\u00edrez &amp; G\u00e1lvez wird alle Anstrengungen unternehmen, um das ordnungsgem\u00e4\u00dfe Funktionieren der Website zu gew\u00e4hrleisten. Ram\u00edrez &amp; G\u00e1lvez ist jedoch nicht daf\u00fcr verantwortlich und garantiert nicht, dass der Zugang zu dieser Website ununterbrochen oder fehlerfrei ist. <\/span><\/p><p><span style=\"font-weight: 400\">Sie \u00fcbernimmt auch keine Verantwortung oder Garantie daf\u00fcr, dass der Inhalt oder die Software, auf die \u00fcber diese Website zugegriffen werden kann, frei von Fehlern ist oder Sch\u00e4den am Computersystem (Software und Hardware) des Nutzers verursacht. Unter keinen Umst\u00e4nden haftet Ram\u00edrez &amp; G\u00e1lvez f\u00fcr Verluste, Sch\u00e4den oder Beeintr\u00e4chtigungen jeglicher Art, die sich aus dem Zugriff auf die Website, dem Browsen oder der Nutzung der Website ergeben, einschlie\u00dflich, aber nicht beschr\u00e4nkt auf Sch\u00e4den an Computersystemen oder durch die Einf\u00fchrung von Viren. <\/span><\/p><p><span style=\"font-weight: 400\">Ram\u00edrez &amp; G\u00e1lvez haftet auch nicht f\u00fcr Sch\u00e4den, die Nutzern durch eine unsachgem\u00e4\u00dfe Nutzung dieser Website entstehen k\u00f6nnen. Insbesondere haftet Ram\u00edrez &amp; G\u00e1lvez in keiner Weise f\u00fcr eventuell auftretende Telekommunikationsausf\u00e4lle, Unterbrechungen, St\u00f6rungen oder Defekte. <\/span><\/p><h3><b>IV. VERKN\u00dcPFUNGSPOLITIK <\/b><\/h3><p><span style=\"font-weight: 400\">Wir informieren Sie dar\u00fcber, dass die Ram\u00edrez &amp; G\u00e1lvez-Website den Nutzern Mittel zur Verlinkung (wie u.a. Links, Banner, Schaltfl\u00e4chen), Verzeichnisse und Suchmaschinen zur Verf\u00fcgung stellt oder stellen kann, die es den Nutzern erm\u00f6glichen, auf Websites zuzugreifen, die Dritten geh\u00f6ren und\/oder von diesen verwaltet werden.<\/span><\/p><p><span style=\"font-weight: 400\">Die Einrichtung dieser Links, Verzeichnisse und Suchmaschinen auf der Website soll den Nutzern die Suche nach und den Zugang zu den im Internet verf\u00fcgbaren Informationen erleichtern und darf nicht als Vorschlag, Empfehlung oder Aufforderung zum Besuch dieser Websites angesehen werden.<\/span><\/p><p><span style=\"font-weight: 400\">Ram\u00edrez &amp; G\u00e1lvez bietet die auf diesen verlinkten Seiten verf\u00fcgbaren Produkte und\/oder Dienstleistungen weder selbst noch \u00fcber Dritte an oder vermarktet sie.<\/span><\/p><p><span style=\"font-weight: 400\">Ram\u00edrez &amp; G\u00e1lvez bietet gesponserte Inhalte, Werbung und\/oder Affiliate-Links an. Die Informationen, die in diesen Affiliate-Links oder den eingef\u00fcgten Anzeigen erscheinen, werden von den Inserenten selbst zur Verf\u00fcgung gestellt, so dass Ram\u00edrez &amp; G\u00e1lvez weder f\u00fcr eventuelle Ungenauigkeiten oder Fehler in den Anzeigen verantwortlich ist, noch in irgendeiner Weise f\u00fcr die Erfahrung, Integrit\u00e4t oder Verantwortung der Inserenten oder die Qualit\u00e4t ihrer Produkte und\/oder Dienstleistungen garantiert. <\/span><\/p><p><span style=\"font-weight: 400\">Sie \u00fcbernimmt auch keine Garantie f\u00fcr die technische Verf\u00fcgbarkeit, Genauigkeit, Richtigkeit, G\u00fcltigkeit oder Rechtm\u00e4\u00dfigkeit von Websites, die nicht in ihrem Besitz sind und auf die Sie \u00fcber die Links zugreifen k\u00f6nnen.<\/span><\/p><p><span style=\"font-weight: 400\">Ram\u00edrez &amp; G\u00e1lvez \u00fcberpr\u00fcft oder kontrolliert unter keinen Umst\u00e4nden den Inhalt anderer Websites, noch billigt, pr\u00fcft oder unterst\u00fctzt es die Produkte und Dienstleistungen, Inhalte, Dateien und jegliches andere Material, das sich auf den oben genannten verlinkten Websites befindet.<\/span><\/p><p><span style=\"font-weight: 400\">Ram\u00edrez &amp; G\u00e1lvez \u00fcbernimmt keine Haftung f\u00fcr Sch\u00e4den, die sich aus dem Zugang, der Nutzung, der Qualit\u00e4t oder der Rechtm\u00e4\u00dfigkeit der Inhalte, Mitteilungen, Meinungen, Produkte und Dienstleistungen von Websites ergeben, die nicht von Ram\u00edrez &amp; G\u00e1lvez verwaltet werden und die mit dieser Website verlinkt sind.<\/span><\/p><p><span style=\"font-weight: 400\">Der Benutzer oder ein Dritter, der einen Hyperlink von einer anderen Website auf die Ram\u00edrez &amp; G\u00e1lvez-Website setzt, muss sich dessen bewusst sein:<\/span><\/p><p><span style=\"font-weight: 400\">Die Reproduktion - ganz oder teilweise - von Inhalten und\/oder Diensten der Website ist ohne ausdr\u00fcckliche Genehmigung von Ram\u00edrez &amp; G\u00e1lvez nicht gestattet.<\/span><\/p><p><span style=\"font-weight: 400\">Es sind keine falschen, ungenauen oder inkorrekten Aussagen \u00fcber die Ram\u00edrez &amp; G\u00e1lvez-Website oder \u00fcber die Inhalte und\/oder Dienste derselben gestattet.<\/span><\/p><p><span style=\"font-weight: 400\">Mit Ausnahme des Hyperlinks darf die Website, auf der der Hyperlink eingerichtet ist, keine Elemente dieser Website enthalten, die nach spanischem Recht als geistiges Eigentum gesch\u00fctzt sind, es sei denn, Ram\u00edrez &amp; G\u00e1lvez hat dies ausdr\u00fccklich genehmigt.<\/span><\/p><p><span style=\"font-weight: 400\">Die Einrichtung des Hyperlinks impliziert weder das Bestehen einer Beziehung zwischen Ram\u00edrez &amp; G\u00e1lvez und dem Eigent\u00fcmer der Website, von der aus er hergestellt wird, noch die Kenntnis und Akzeptanz der auf der besagten Website angebotenen Inhalte, Dienstleistungen und\/oder Aktivit\u00e4ten durch Ram\u00edrez &amp; G\u00e1lvez und vice versa.<\/span><\/p><h3><b>V. GEISTIGES UND GEWERBLICHES EIGENTUM<\/b><\/h3><p><span style=\"font-weight: 400\">Ram\u00edrez &amp; G\u00e1lvez ist selbst oder als Bevollm\u00e4chtigter Eigent\u00fcmer aller geistigen und gewerblichen Eigentumsrechte an der Website sowie an den darin enthaltenen Elementen (einschlie\u00dflich, aber nicht beschr\u00e4nkt auf Bilder, Ton, Audio, Video, Software oder Texte, Marken oder Logos, Farbkombinationen, Struktur und Design, Auswahl der verwendeten Materialien, Computerprogramme, die f\u00fcr den Betrieb, den Zugang und die Nutzung erforderlich sind, usw.). Es handelt sich also um Werke, die durch das spanische Rechtssystem als geistiges Eigentum gesch\u00fctzt sind, da auf sie sowohl die spanischen und gemeinschaftlichen Vorschriften in diesem Bereich als auch die von Spanien unterzeichneten internationalen Vertr\u00e4ge in diesem Bereich anwendbar sind. <\/span><\/p><p><span style=\"font-weight: 400\">Alle Rechte vorbehalten. Gem\u00e4\u00df den Bestimmungen des Gesetzes zum Schutz des geistigen Eigentums sind die Vervielf\u00e4ltigung, die Verbreitung und die \u00f6ffentliche Wiedergabe, einschlie\u00dflich der Zurverf\u00fcgungstellung, des gesamten oder eines Teils des Inhalts dieser Website zu kommerziellen Zwecken in jedem Medium und mit allen technischen Mitteln ohne die Genehmigung von Ram\u00edrez &amp; G\u00e1lvez ausdr\u00fccklich verboten. <\/span><\/p><p><span style=\"font-weight: 400\">Der Benutzer verpflichtet sich, die geistigen und gewerblichen Eigentumsrechte von Ram\u00edrez &amp; G\u00e1lvez zu respektieren. Sie d\u00fcrfen die Elemente der Website ansehen oder sogar ausdrucken, kopieren und auf der Festplatte Ihres Computers oder auf einem anderen physischen Medium speichern, vorausgesetzt, dies geschieht ausschlie\u00dflich f\u00fcr Ihren pers\u00f6nlichen Gebrauch. Der Benutzer darf jedoch keine auf der Website installierten Schutzvorrichtungen oder Sicherheitssysteme entfernen, ver\u00e4ndern oder manipulieren.  <\/span><\/p><p><span style=\"font-weight: 400\">F\u00fcr den Fall, dass der Nutzer oder ein Dritter der Ansicht ist, dass einer der Inhalte der Website eine Verletzung der Rechte zum Schutz des geistigen Eigentums darstellt, muss er Ram\u00edrez &amp; G\u00e1lvez unverz\u00fcglich \u00fcber die Kontaktdaten im Abschnitt ALLGEMEINE INFORMATIONEN dieser rechtlichen Hinweise und allgemeinen Nutzungsbedingungen informieren.<\/span><\/p><h3><b>VI. GERICHTSVERFAHREN, ANWENDBARES RECHT UND GERICHTSBARKEIT <\/b><\/h3><p><span style=\"font-weight: 400\">Ram\u00edrez &amp; G\u00e1lvez beh\u00e4lt sich das Recht vor, alle zivil- oder strafrechtlichen Schritte einzuleiten, die es f\u00fcr die missbr\u00e4uchliche Nutzung der Website und ihrer Inhalte oder f\u00fcr die Verletzung dieser Bedingungen f\u00fcr notwendig erachtet.<\/span><\/p><p><span style=\"font-weight: 400\">Die Beziehung zwischen dem Nutzer und Ram\u00edrez &amp; G\u00e1lvez unterliegt den geltenden und auf spanischem Gebiet anwendbaren Vorschriften. Im Falle von Streitigkeiten in Bezug auf die Auslegung und\/oder Anwendung dieser Bedingungen unterwerfen sich die Parteien der ordentlichen Gerichtsbarkeit, wobei sie sich den entsprechenden Richtern und Gerichten gem\u00e4\u00df dem Gesetz unterwerfen. <\/span><\/p><\/header><\/div><\/div>\n        <\/section>\t\t\t\t<\/div>\n\t\t\t\t<\/div>\n\t\t\t\t\t<\/div>\n\t\t\t\t<\/div>\n\t\t\t\t<\/div>\n\t\t","protected":false},"excerpt":{"rendered":"<p>https:\/\/ramirezgalvez.com Hinweis Legal Datum des Inkrafttretens: 10. Februar 2025Letzte Aktualisierung: 10. Februar 2025 I. ALLGEMEINE INFORMATIONEN Gem\u00e4\u00df der Informationspflicht, die im Gesetz 34\/2002 \u00fcber die Dienste der Informationsgesellschaft und den elektronischen Handel (LSSI-CE) vom 11. Juli festgelegt ist, finden Sie im Folgenden allgemeine Informationen zu dieser Website: Das Eigentum an dieser Website, https:\/\/ramirezgalvez.com(nachstehend Website) liegt [&hellip;]<\/p>\n","protected":false},"author":5,"featured_media":0,"parent":0,"menu_order":0,"comment_status":"closed","ping_status":"closed","template":"","meta":{"rs_blank_template":"","rs_page_bg_color":"","slide_template_v7":"","footnotes":""},"class_list":["post-6999","page","type-page","status-publish","hentry"],"_links":{"self":[{"href":"https:\/\/ramirezgalvez.com\/de\/wp-json\/wp\/v2\/pages\/6999","targetHints":{"allow":["GET"]}}],"collection":[{"href":"https:\/\/ramirezgalvez.com\/de\/wp-json\/wp\/v2\/pages"}],"about":[{"href":"https:\/\/ramirezgalvez.com\/de\/wp-json\/wp\/v2\/types\/page"}],"author":[{"embeddable":true,"href":"https:\/\/ramirezgalvez.com\/de\/wp-json\/wp\/v2\/users\/5"}],"replies":[{"embeddable":true,"href":"https:\/\/ramirezgalvez.com\/de\/wp-json\/wp\/v2\/comments?post=6999"}],"version-history":[{"count":3,"href":"https:\/\/ramirezgalvez.com\/de\/wp-json\/wp\/v2\/pages\/6999\/revisions"}],"predecessor-version":[{"id":7705,"href":"https:\/\/ramirezgalvez.com\/de\/wp-json\/wp\/v2\/pages\/6999\/revisions\/7705"}],"wp:attachment":[{"href":"https:\/\/ramirezgalvez.com\/de\/wp-json\/wp\/v2\/media?parent=6999"}],"curies":[{"name":"wp","href":"https:\/\/api.w.org\/{rel}","templated":true}]}}