{"id":7005,"date":"2023-06-17T11:32:29","date_gmt":"2023-06-17T09:32:29","guid":{"rendered":"https:\/\/ramirezgalvez.com\/cookie-richtlinie\/"},"modified":"2025-10-15T00:18:51","modified_gmt":"2025-10-14T22:18:51","slug":"cookie-richtlinie","status":"publish","type":"page","link":"https:\/\/ramirezgalvez.com\/de\/cookie-richtlinie\/","title":{"rendered":"Cookie-Richtlinie"},"content":{"rendered":"\t\t<div data-elementor-type=\"wp-page\" data-elementor-id=\"7005\" class=\"elementor elementor-7005 elementor-26\" data-elementor-post-type=\"page\">\n\t\t\t\t<div class=\"aux-parallax-section elementor-element elementor-element-fe022d7 e-flex e-con-boxed e-con e-parent\" data-id=\"fe022d7\" data-element_type=\"container\" data-e-type=\"container\">\n\t\t\t\t\t<div class=\"e-con-inner\">\n\t\t\t\t<div class=\"elementor-element elementor-element-d76b008 elementor-widget elementor-widget-aux_modern_heading\" data-id=\"d76b008\" data-element_type=\"widget\" data-e-type=\"widget\" data-widget_type=\"aux_modern_heading.default\">\n\t\t\t\t<div class=\"elementor-widget-container\">\n\t\t\t\t\t<section class=\"aux-widget-modern-heading\">\n            <div class=\"aux-widget-inner\"><h2 class=\"aux-modern-heading-primary\">https:\/\/ramirezgalvez.com<\/h2><h1 class=\"aux-modern-heading-secondary\"><span class=\"aux-head-before\">Politik zu<\/span><span class=\"aux-head-highlight\">Cookies<\/span><\/h1><div class=\"aux-modern-heading-description\"><header class=\"text-center\"><header class=\"text-center\"><p>Datum des Inkrafttretens: 10. Februar 2025<br>Letzte Aktualisierung: 10. Februar 2025<\/p><h5>Was sind Cookies?<\/h5><div class=\"cookie-policy-p\"><p>Diese Cookie-Richtlinie erkl\u00e4rt, was Cookies sind und wie wir sie verwenden, welche Arten von Cookies wir verwenden, d.h. welche Informationen wir mithilfe von Cookies sammeln und wie diese Informationen verwendet werden, und wie Sie Ihre Cookie-Einstellungen verwalten k\u00f6nnen.<\/p><p>Cookies sind kleine Textdateien, die dazu dienen, kleine Informationen zu speichern. Sie werden auf Ihrem Ger\u00e4t gespeichert, wenn die Website in Ihrem Browser geladen wird. Diese Cookies helfen uns, die Website ordnungsgem\u00e4\u00df zu betreiben, sie sicherer zu machen, eine bessere Benutzererfahrung zu bieten und zu verstehen, wie die Website funktioniert und zu analysieren, was funktioniert und wo sie verbessert werden muss.<\/p><\/div><h5>Wie verwenden wir Cookies?<\/h5><div class=\"cookie-policy-p\"><p>Wie die meisten Online-Dienste verwendet auch unsere Website eigene und fremde Cookies f\u00fcr verschiedene Zwecke. Erstanbieter-Cookies sind in erster Linie f\u00fcr das ordnungsgem\u00e4\u00dfe Funktionieren der Website erforderlich und erfassen keine pers\u00f6nlich identifizierbaren Daten.<\/p><p>Die auf unserer Website verwendeten Cookies von Drittanbietern dienen in erster Linie dazu, zu verstehen, wie die Website funktioniert, wie Sie mit unserer Website interagieren, unsere Dienste sicher zu halten, f\u00fcr Sie relevante Werbung bereitzustellen und Ihnen allgemein eine bessere und verbesserte Benutzererfahrung zu bieten und Ihre zuk\u00fcnftigen Interaktionen mit unserer Website zu beschleunigen.<\/p><\/div><h5>Arten von Cookies, die wir verwenden<\/h5><div class=\"cky-audit-table-element\"> <\/div><h3> <\/h3><h5>Cookie-Einstellungen verwalten<\/h5><h3><a class=\"cky-banner-element\">Cookie-Einstellungen<\/a><\/h3><div><p>Sie k\u00f6nnen Ihre Cookie-Einstellungen jederzeit \u00e4ndern, indem Sie auf die Schaltfl\u00e4che oben klicken. Auf diese Weise k\u00f6nnen Sie das Cookie-Einwilligungsbanner erneut aufrufen und Ihre Einstellungen \u00e4ndern oder Ihre Einwilligung sofort widerrufen.<\/p><p>Dar\u00fcber hinaus bieten die verschiedenen Browser unterschiedliche Methoden zum Blockieren und L\u00f6schen von Cookies, die von Websites verwendet werden. Sie k\u00f6nnen Ihre Browsereinstellungen \u00e4ndern, um Cookies zu blockieren oder zu l\u00f6schen. Nachstehend finden Sie Links zu Support-Dokumenten, die Ihnen zeigen, wie Sie Cookies in den wichtigsten Webbrowsern verwalten und l\u00f6schen k\u00f6nnen.<\/p><p>Chrom: <a href=\"https:\/\/support.google.com\/accounts\/answer\/32050\" target=\"_blank\" rel=\"noopener\">https:\/\/support.google.com\/accounts\/answer\/32050<\/a><\/p><p>Safari: <a href=\"https:\/\/support.apple.com\/en-in\/guide\/safari\/sfri11471\/mac\" target=\"_blank\" rel=\"noopener\">https:\/\/support.apple.com\/es-es\/guide\/safari\/sfri11471\/mac<\/a><\/p><p>Firefox: <a href=\"https:\/\/support.mozilla.org\/en-US\/kb\/clear-cookies-and-site-data-firefox?redirectslug=delete-cookies-remove-info-websites-stored&amp;redirectlocale=en-US\" target=\"_blank\" rel=\"noopener\">https:\/\/support.mozilla.org\/es-ES\/kb\/borrar-cookies-y-datos-de-sitios-firefox?redirectslug=eliminar-cookies-eliminar-informacion-sitios-almacenados&amp;redirectlocale=es-ES<\/a><\/p><p>Internet Explorer: <a href=\"https:\/\/support.microsoft.com\/en-us\/topic\/how-to-delete-cookie-files-in-internet-explorer-bca9446f-d873-78de-77ba-d42645fa52fc\" target=\"_blank\" rel=\"noopener\">https:\/\/support.microsoft.com\/es-es\/topic\/como-eliminar-archivos-de-cookies-en-internet-explorer-bca9446f-d873-78de-77ba-d42645fa52fc<\/a><\/p><p>Wenn Sie einen anderen Webbrowser verwenden, lesen Sie bitte die offiziellen Support-Dokumente f\u00fcr Ihren Browser.<\/p><\/div><\/header><\/header><\/div><\/div>\n        <\/section>\t\t\t\t<\/div>\n\t\t\t\t<\/div>\n\t\t\t\t\t<\/div>\n\t\t\t\t<\/div>\n\t\t\t\t<\/div>\n\t\t","protected":false},"excerpt":{"rendered":"<p>https:\/\/ramirezgalvez.com Politik zuCookies Datum des Inkrafttretens: 10. Februar 2025Letzte Aktualisierung: 10. Februar 2025 Was sind Cookies? Diese Cookie-Richtlinie erkl\u00e4rt, was Cookies sind und wie wir sie verwenden, welche Arten von Cookies wir verwenden, d.h. welche Informationen wir mithilfe von Cookies sammeln und wie diese Informationen verwendet werden, und wie Sie Ihre Cookie-Einstellungen verwalten k\u00f6nnen. Cookies [&hellip;]<\/p>\n","protected":false},"author":5,"featured_media":0,"parent":0,"menu_order":0,"comment_status":"closed","ping_status":"closed","template":"","meta":{"rs_blank_template":"","rs_page_bg_color":"","slide_template_v7":"","footnotes":""},"class_list":["post-7005","page","type-page","status-publish","hentry"],"_links":{"self":[{"href":"https:\/\/ramirezgalvez.com\/de\/wp-json\/wp\/v2\/pages\/7005","targetHints":{"allow":["GET"]}}],"collection":[{"href":"https:\/\/ramirezgalvez.com\/de\/wp-json\/wp\/v2\/pages"}],"about":[{"href":"https:\/\/ramirezgalvez.com\/de\/wp-json\/wp\/v2\/types\/page"}],"author":[{"embeddable":true,"href":"https:\/\/ramirezgalvez.com\/de\/wp-json\/wp\/v2\/users\/5"}],"replies":[{"embeddable":true,"href":"https:\/\/ramirezgalvez.com\/de\/wp-json\/wp\/v2\/comments?post=7005"}],"version-history":[{"count":3,"href":"https:\/\/ramirezgalvez.com\/de\/wp-json\/wp\/v2\/pages\/7005\/revisions"}],"predecessor-version":[{"id":7421,"href":"https:\/\/ramirezgalvez.com\/de\/wp-json\/wp\/v2\/pages\/7005\/revisions\/7421"}],"wp:attachment":[{"href":"https:\/\/ramirezgalvez.com\/de\/wp-json\/wp\/v2\/media?parent=7005"}],"curies":[{"name":"wp","href":"https:\/\/api.w.org\/{rel}","templated":true}]}}