{"id":7026,"date":"2023-05-25T18:32:35","date_gmt":"2023-05-25T16:32:35","guid":{"rendered":"https:\/\/ramirezgalvez.com\/datenschutzbestimmungen\/"},"modified":"2025-10-15T00:19:39","modified_gmt":"2025-10-14T22:19:39","slug":"datenschutzbestimmungen","status":"publish","type":"page","link":"https:\/\/ramirezgalvez.com\/de\/datenschutzbestimmungen\/","title":{"rendered":"Datenschutzbestimmungen"},"content":{"rendered":"\t\t<div data-elementor-type=\"wp-page\" data-elementor-id=\"7026\" class=\"elementor elementor-7026 elementor-3\" data-elementor-post-type=\"page\">\n\t\t\t\t<div class=\"aux-parallax-section elementor-element elementor-element-a8f463b e-flex e-con-boxed e-con e-parent\" data-id=\"a8f463b\" data-element_type=\"container\" data-e-type=\"container\">\n\t\t\t\t\t<div class=\"e-con-inner\">\n\t\t\t\t<div class=\"elementor-element elementor-element-716df11 elementor-widget elementor-widget-aux_modern_heading\" data-id=\"716df11\" data-element_type=\"widget\" data-e-type=\"widget\" data-widget_type=\"aux_modern_heading.default\">\n\t\t\t\t<div class=\"elementor-widget-container\">\n\t\t\t\t\t<section class=\"aux-widget-modern-heading\">\n            <div class=\"aux-widget-inner\"><h2 class=\"aux-modern-heading-primary\">https:\/\/ramirezgalvez.com<\/h2><h1 class=\"aux-modern-heading-secondary\"><span class=\"aux-head-before\">Politik zu<\/span><span class=\"aux-head-highlight\">Datenschutz<\/span><\/h1><div class=\"aux-modern-heading-description\"><header class=\"text-center\"><p>Datum des Inkrafttretens: 10. Februar 2025<br>Letzte Aktualisierung: 10. Februar 2025<\/p><p>Unter Beachtung der geltenden Rechtsvorschriften verpflichtet sich Ram\u00edrez &amp; G\u00e1lvez (im Folgenden auch Website), die notwendigen technischen und organisatorischen Ma\u00dfnahmen zu ergreifen, die dem Risiko der erhobenen Daten angemessen sind.<\/p><h4><b>Gesetze, die in dieser Datenschutzerkl\u00e4rung enthalten sind<\/b><\/h4><p><span style=\"font-weight: 400\">Diese Datenschutzerkl\u00e4rung ist an die aktuelle spanische und europ\u00e4ische Gesetzgebung zum Schutz pers\u00f6nlicher Daten im Internet angepasst. Sie beachtet insbesondere die folgenden Regeln: <\/span><\/p><ul><li style=\"font-weight: 400\"><span style=\"font-weight: 400\">Verordnung (EU) 2016\/679 des Europ\u00e4ischen Parlaments und des Rates vom 27. April 2016 zum Schutz nat\u00fcrlicher Personen bei der Verarbeitung personenbezogener Daten und zum freien Datenverkehr (GDPR).<\/span><\/li><li style=\"font-weight: 400\"><span style=\"font-weight: 400\">Organgesetz 3\/2018 vom 5. Dezember \u00fcber den Schutz personenbezogener Daten und die Garantie der digitalen Rechte (LOPD-GDD).<\/span><\/li><li style=\"font-weight: 400\"><span style=\"font-weight: 400\">K\u00f6niglicher Erlass 1720\/2007 vom 21. Dezember zur Verabschiedung der Verordnung zur Durchf\u00fchrung des Organgesetzes 15\/1999 vom 13. Dezember \u00fcber den Schutz personenbezogener Daten (RDLOPD).<\/span><\/li><li style=\"font-weight: 400\"><span style=\"font-weight: 400\">Gesetz 34\/2002, vom 11. Juli, \u00fcber die Dienste der Informationsgesellschaft und den elektronischen Handel (LSSI-CE).<\/span><\/li><\/ul><h4><b>Identit\u00e4t des f\u00fcr die Verarbeitung der personenbezogenen Daten Verantwortlichen<\/b><\/h4><p><span style=\"font-weight: 400\">Der Verantwortliche f\u00fcr die Verarbeitung der von Ram\u00edrez &amp; G\u00e1lvez erhobenen personenbezogenen Daten ist: Ram\u00edrez &amp; G\u00e1lvez, CIF: B09811498 (im Folgenden der f\u00fcr die Verarbeitung Verantwortliche). Seine Kontaktdaten lauten wie folgt: <\/span><\/p><p><span style=\"font-weight: 400\">Kontakt-Telefonnummer: 671 026 469<\/span><\/p><p><span style=\"font-weight: 400\">Kontakt E-Mail: info@ramirezgalvez.com<\/span><\/p><h4><b>Register der pers\u00f6nlichen Daten<\/b><\/h4><p><span style=\"font-weight: 400\">In \u00dcbereinstimmung mit den Bestimmungen der RGPD und der LOPD-GDD informieren wir Sie dar\u00fcber, dass die von Ram\u00edrez &amp; G\u00e1lvez \u00fcber die auf ihren Seiten bereitgestellten Formulare erhobenen personenbezogenen Daten in unsere Datei aufgenommen und verarbeitet werden, um die zwischen Ram\u00edrez &amp; G\u00e1lvez und dem Nutzer eingegangenen Verpflichtungen zu erleichtern, zu beschleunigen und zu erf\u00fcllen oder um die in den vom Nutzer ausgef\u00fcllten Formularen festgelegte Beziehung aufrechtzuerhalten oder um auf eine Anfrage oder Anfrage des Nutzers zu antworten. Ebenso wird gem\u00e4\u00df den Bestimmungen der RGPD und der LOPD-GDD, sofern nicht die in Artikel 30.5 der RGPD vorgesehene Ausnahme zur Anwendung kommt, ein Verzeichnis der Verarbeitungst\u00e4tigkeiten gef\u00fchrt, in dem je nach Zweck die durchgef\u00fchrten Verarbeitungst\u00e4tigkeiten und die anderen in der RGPD festgelegten Umst\u00e4nde aufgef\u00fchrt sind. <\/span><\/p><h4><b>Grunds\u00e4tze f\u00fcr die Verarbeitung von personenbezogenen Daten<\/b><\/h4><p><span style=\"font-weight: 400\">Die Verarbeitung der personenbezogenen Daten des Benutzers unterliegt den folgenden Grunds\u00e4tzen, die in Artikel 5 der RGPD und in Artikel 4 und folgende des Organgesetzes 3\/2018 vom 5. Dezember \u00fcber den Schutz personenbezogener Daten und die Gew\u00e4hrleistung digitaler Rechte festgelegt sind:<\/span><\/p><ul><li style=\"font-weight: 400\"><span style=\"font-weight: 400\">Grundsatz der Rechtm\u00e4\u00dfigkeit, Fairness und Transparenz: Die Zustimmung des Nutzers ist jederzeit nach vollst\u00e4ndiger und transparenter Information \u00fcber die Zwecke, f\u00fcr die die personenbezogenen Daten erhoben werden, erforderlich.<\/span><\/li><li style=\"font-weight: 400\"><span style=\"font-weight: 400\">Grundsatz der Zweckbindung: Personenbezogene Daten werden f\u00fcr festgelegte, eindeutige und rechtm\u00e4\u00dfige Zwecke erhoben.<\/span><\/li><li style=\"font-weight: 400\"><span style=\"font-weight: 400\">Grundsatz der Datenminimierung: Es werden nur die personenbezogenen Daten erhoben, die f\u00fcr die Zwecke, f\u00fcr die sie verarbeitet werden, unbedingt erforderlich sind.<\/span><\/li><li style=\"font-weight: 400\"><span style=\"font-weight: 400\">Grundsatz der Korrektheit: Pers\u00f6nliche Daten m\u00fcssen korrekt und immer auf dem neuesten Stand sein.<\/span><\/li><li style=\"font-weight: 400\"><span style=\"font-weight: 400\">Grundsatz der Begrenzung der Speicherdauer: Personenbezogene Daten werden nur in einer Form aufbewahrt, die die Identifizierung des Nutzers f\u00fcr den Zeitraum erm\u00f6glicht, der f\u00fcr die Zwecke ihrer Verarbeitung erforderlich ist.<\/span><\/li><li style=\"font-weight: 400\"><span style=\"font-weight: 400\">Grundsatz der Integrit\u00e4t und Vertraulichkeit: Personenbezogene Daten werden in einer Weise verarbeitet, die ihre Sicherheit und Vertraulichkeit gew\u00e4hrleistet.<\/span><\/li><li style=\"font-weight: 400\"><span style=\"font-weight: 400\">Grundsatz der proaktiven Rechenschaftspflicht: Der Controller ist daf\u00fcr verantwortlich, dass die oben genannten Grunds\u00e4tze eingehalten werden.<\/span><\/li><\/ul><h4><b>Kategorien von personenbezogenen Daten<\/b><\/h4><p><span style=\"font-weight: 400\">Bei den von Ram\u00edrez &amp; G\u00e1lvez verarbeiteten Datenkategorien handelt es sich ausschlie\u00dflich um Identifikationsdaten. Unter keinen Umst\u00e4nden werden besondere Kategorien von personenbezogenen Daten im Sinne von Artikel 9 der DSGVO verarbeitet. <\/span><\/p><h4><b>Rechtsgrundlage f\u00fcr die Verarbeitung von personenbezogenen Daten<\/b><\/h4><p><span style=\"font-weight: 400\">Die Rechtsgrundlage f\u00fcr die Verarbeitung personenbezogener Daten ist die Einwilligung. Ram\u00edrez &amp; G\u00e1lvez verpflichtet sich, die ausdr\u00fcckliche und \u00fcberpr\u00fcfbare Zustimmung des Benutzers zur Verarbeitung seiner personenbezogenen Daten f\u00fcr einen oder mehrere bestimmte Zwecke einzuholen. <\/span><\/p><p><span style=\"font-weight: 400\">Der Nutzer hat das Recht, seine Zustimmung jederzeit zu widerrufen. Der Widerruf der Zustimmung ist ebenso einfach wie die Erteilung der Zustimmung. In der Regel wird die Nutzung der Website durch den Widerruf der Zustimmung nicht eingeschr\u00e4nkt.  <\/span><\/p><p><span style=\"font-weight: 400\">In den F\u00e4llen, in denen der Benutzer seine Daten \u00fcber Formulare angeben muss oder kann, um Anfragen zu stellen, Informationen anzufordern oder aus Gr\u00fcnden, die mit dem Inhalt der Website zusammenh\u00e4ngen, wird er dar\u00fcber informiert, wenn das Ausf\u00fcllen eines dieser Formulare obligatorisch ist, weil es f\u00fcr die korrekte Abwicklung der durchgef\u00fchrten Operation unerl\u00e4sslich ist.<\/span><\/p><h4><b>Zwecke der Verarbeitung, f\u00fcr die die personenbezogenen Daten verwendet werden<\/b><\/h4><p><span style=\"font-weight: 400\">Die personenbezogenen Daten werden von Ram\u00edrez &amp; G\u00e1lvez erhoben und verwaltet, um die zwischen der Website und dem Benutzer eingegangenen Verpflichtungen zu erleichtern, zu beschleunigen und zu erf\u00fcllen oder um die in den vom Benutzer ausgef\u00fcllten Formularen hergestellte Beziehung aufrechtzuerhalten oder um eine Anfrage oder einen Antrag zu bearbeiten.<\/span><\/p><p><span style=\"font-weight: 400\">Ebenso k\u00f6nnen die Daten f\u00fcr kommerzielle, personalisierte, betriebliche und statistische Zwecke sowie f\u00fcr Aktivit\u00e4ten verwendet werden, die Teil des Unternehmenszwecks von Ram\u00edrez &amp; G\u00e1lvez sind, sowie f\u00fcr die Gewinnung und Speicherung von Daten und Marketingstudien zur Anpassung der dem Benutzer angebotenen Inhalte sowie zur Verbesserung der Qualit\u00e4t, des Betriebs und des Surfens auf der Website.<\/span><\/p><p><span style=\"font-weight: 400\">Zum Zeitpunkt der Erhebung der personenbezogenen Daten wird der Nutzer \u00fcber den\/die spezifischen Zweck(e) der Verarbeitung informiert, f\u00fcr den\/die die personenbezogenen Daten verwendet werden, d.h. die Verwendung(en), f\u00fcr die die gesammelten Informationen verwendet werden.<\/span><\/p><h4><b>Aufbewahrungsfristen f\u00fcr personenbezogene Daten<\/b><\/h4><p><span style=\"font-weight: 400\">Personenbezogene Daten werden nur so lange aufbewahrt, wie es f\u00fcr die Zwecke ihrer Verarbeitung erforderlich ist, und in jedem Fall nur f\u00fcr den folgenden Zeitraum: 48 Monate oder bis der Nutzer ihre L\u00f6schung beantragt.<\/span><\/p><p><span style=\"font-weight: 400\">Zum Zeitpunkt der Erhebung der personenbezogenen Daten wird der Nutzer \u00fcber den Zeitraum informiert, f\u00fcr den die personenbezogenen Daten aufbewahrt werden, oder, falls dies nicht m\u00f6glich ist, \u00fcber die Kriterien, nach denen dieser Zeitraum bestimmt wird.<\/span><\/p><h4><b>Empf\u00e4nger von pers\u00f6nlichen Daten<\/b><\/h4><p><span style=\"font-weight: 400\">Die pers\u00f6nlichen Daten des Benutzers werden nicht an Dritte weitergegeben.<\/span><\/p><p><span style=\"font-weight: 400\">In jedem Fall wird der Nutzer zum Zeitpunkt der Erhebung der personenbezogenen Daten \u00fcber die Empf\u00e4nger oder Kategorien von Empf\u00e4ngern der personenbezogenen Daten informiert.<\/span><\/p><h4><b>Pers\u00f6nliche Daten von Minderj\u00e4hrigen<\/b><\/h4><p><span style=\"font-weight: 400\">Gem\u00e4\u00df den Bestimmungen der Artikel 8 der RGPD und 7 des Organgesetzes 3\/2018 vom 5. Dezember \u00fcber den Schutz personenbezogener Daten und die Gew\u00e4hrleistung digitaler Rechte k\u00f6nnen nur Personen \u00fcber 14 Jahren ihre Zustimmung zur rechtm\u00e4\u00dfigen Verarbeitung ihrer personenbezogenen Daten durch Ram\u00edrez &amp; G\u00e1lvez geben. Bei Minderj\u00e4hrigen unter 14 Jahren ist die Zustimmung der Eltern oder des Vormunds f\u00fcr die Verarbeitung erforderlich, und diese wird nur insoweit als rechtm\u00e4\u00dfig angesehen, als sie sie genehmigt haben. <\/span><\/p><h4><b>Geheimhaltung und Sicherheit von pers\u00f6nlichen Daten<\/b><\/h4><p><span style=\"font-weight: 400\">Ram\u00edrez &amp; G\u00e1lvez verpflichtet sich, die erforderlichen technischen und organisatorischen Ma\u00dfnahmen zu ergreifen, die dem Risiko der erhobenen Daten angemessen sind, um die Sicherheit der personenbezogenen Daten zu gew\u00e4hrleisten und die versehentliche oder unrechtm\u00e4\u00dfige Zerst\u00f6rung, den Verlust oder die Ver\u00e4nderung der \u00fcbermittelten, gespeicherten oder anderweitig verarbeiteten personenbezogenen Daten sowie die unbefugte Weitergabe oder den unbefugten Zugriff auf diese Daten zu verhindern.<\/span><\/p><p><span style=\"font-weight: 400\">Die Website verf\u00fcgt \u00fcber ein SSL-Zertifikat (Secure Socket Layer), das gew\u00e4hrleistet, dass personenbezogene Daten sicher und vertraulich \u00fcbertragen werden, da die \u00dcbertragung der Daten zwischen dem Server und dem Benutzer und im Gegenzug vollst\u00e4ndig verschl\u00fcsselt oder verschl\u00fcsselt wird.<\/span><\/p><p><span style=\"font-weight: 400\">Da Ram\u00edrez &amp; G\u00e1lvez jedoch weder die Uneinnehmbarkeit des Internets noch die v\u00f6llige Abwesenheit von Hackern oder anderen Personen, die sich in betr\u00fcgerischer Absicht Zugang zu personenbezogenen Daten verschaffen, garantieren kann, verpflichtet sich der f\u00fcr die Datenverarbeitung Verantwortliche, den Nutzer unverz\u00fcglich zu benachrichtigen, wenn eine Verletzung der Sicherheit personenbezogener Daten auftritt, die wahrscheinlich ein hohes Risiko f\u00fcr die Rechte und Freiheiten nat\u00fcrlicher Personen mit sich bringt. Gem\u00e4\u00df Artikel 4 der DSGVO bedeutet eine Verletzung der Sicherheit personenbezogener Daten jede Verletzung der Sicherheit, die zur versehentlichen oder unrechtm\u00e4\u00dfigen Zerst\u00f6rung, zum Verlust oder zur Ver\u00e4nderung der \u00fcbermittelten, gespeicherten oder anderweitig verarbeiteten personenbezogenen Daten oder zur unbefugten Weitergabe dieser Daten oder zum unbefugten Zugriff auf diese Daten f\u00fchrt. <\/span><\/p><p><span style=\"font-weight: 400\">Personenbezogene Daten werden vom Data Controller vertraulich behandelt, der sich verpflichtet, seine Mitarbeiter, Partner und alle anderen Personen, denen er die Informationen zug\u00e4nglich macht, dar\u00fcber zu informieren und durch eine gesetzliche oder vertragliche Verpflichtung sicherzustellen, dass diese Vertraulichkeit gewahrt bleibt.<\/span><\/p><h4><b>Rechte, die sich aus der Verarbeitung von personenbezogenen Daten ergeben<\/b><\/h4><p><span style=\"font-weight: 400\">Der Nutzer hat gegen\u00fcber Ram\u00edrez &amp; G\u00e1lvez die folgenden Rechte, die in der RGPD und dem Organgesetz 3\/2018 vom 5. Dezember \u00fcber den Schutz personenbezogener Daten und die Gew\u00e4hrleistung digitaler Rechte anerkannt sind, und kann diese daher gegen\u00fcber dem Datenverantwortlichen geltend machen:<\/span><\/p><ul><li style=\"font-weight: 400\"><i>\n  <span style=\"font-weight: 400\">Recht auf Zugang:<\/span>\n<\/i><span style=\"font-weight: 400\"> Dies ist das Recht des Benutzers, eine Best\u00e4tigung dar\u00fcber zu erhalten, ob Ram\u00edrez &amp; G\u00e1lvez seine pers\u00f6nlichen Daten verarbeitet oder nicht, und, falls dies der Fall ist, Informationen \u00fcber seine spezifischen pers\u00f6nlichen Daten und die Verarbeitung, die Ram\u00edrez &amp; G\u00e1lvez durchgef\u00fchrt hat oder durchf\u00fchrt, zu erhalten, sowie unter anderem die verf\u00fcgbaren Informationen \u00fcber die Herkunft dieser Daten und die Empf\u00e4nger der f\u00fcr diese Daten gemachten oder geplanten Mitteilungen.<\/span><\/li><li style=\"font-weight: 400\"><i>\n  <span style=\"font-weight: 400\">Recht auf Berichtigung:<\/span>\n<\/i><span style=\"font-weight: 400\"> Dies ist das Recht des Nutzers, seine personenbezogenen Daten \u00e4ndern zu lassen, wenn sie sich als unrichtig oder im Hinblick auf den Zweck der Verarbeitung als unvollst\u00e4ndig erweisen.<\/span><\/li><li style=\"font-weight: 400\"><i><span style=\"font-weight: 400\">Recht auf L\u00f6schung (\"das Recht auf Vergessenwerden\"):<\/span><\/i><span style=\"font-weight: 400\">  Dies ist das Recht des Nutzers, sofern gesetzlich nicht anders vorgesehen, die L\u00f6schung seiner personenbezogenen Daten zu erwirken, wenn sie f\u00fcr die Zwecke, f\u00fcr die sie erhoben oder verarbeitet wurden, nicht mehr erforderlich sind; der Nutzer seine Zustimmung zur Verarbeitung zur\u00fcckgezogen hat und es keine andere rechtm\u00e4\u00dfige Grundlage f\u00fcr die Verarbeitung gibt; der Nutzer widerspricht der Verarbeitung und es gibt keinen anderen rechtm\u00e4\u00dfigen Grund, die Verarbeitung fortzusetzen; die personenbezogenen Daten wurden unrechtm\u00e4\u00dfig verarbeitet; die personenbezogenen Daten m\u00fcssen aufgrund einer gesetzlichen Verpflichtung gel\u00f6scht werden; oder die personenbezogenen Daten wurden als Ergebnis eines Direktangebots von Diensten der Informationsgesellschaft an ein Kind unter 14 Jahren erhoben. Zus\u00e4tzlich zur L\u00f6schung ergreift der f\u00fcr die Verarbeitung Verantwortliche unter Ber\u00fccksichtigung der verf\u00fcgbaren Technologie und der Kosten ihrer Umsetzung angemessene Ma\u00dfnahmen, um die f\u00fcr die Verarbeitung Verantwortlichen, die die personenbezogenen Daten verarbeiten, \u00fcber den Antrag der betroffenen Person auf L\u00f6schung jeder Verkn\u00fcpfung mit diesen personenbezogenen Daten zu informieren. <\/span><\/li><li style=\"font-weight: 400\"><i><span style=\"font-weight: 400\">Recht auf Einschr\u00e4nkung der Verarbeitung:<\/span><\/i><span style=\"font-weight: 400\">  Dies ist das Recht des Nutzers, die Verarbeitung seiner personenbezogenen Daten einzuschr\u00e4nken. Der Nutzer hat das Recht, die Einschr\u00e4nkung der Verarbeitung zu erwirken, wenn er die Richtigkeit seiner personenbezogenen Daten bestreitet, die Verarbeitung unrechtm\u00e4\u00dfig ist, der f\u00fcr die Verarbeitung Verantwortliche die personenbezogenen Daten nicht mehr ben\u00f6tigt, der Nutzer sie aber zur Geltendmachung von Anspr\u00fcchen ben\u00f6tigt, und wenn der Nutzer der Verarbeitung widersprochen hat. <\/span><\/li><li style=\"font-weight: 400\"><i><span style=\"font-weight: 400\">Recht auf Daten\u00fcbertragbarkeit:<\/span><\/i><span style=\"font-weight: 400\">  Im Falle einer automatisierten Verarbeitung hat der Nutzer das Recht, von dem f\u00fcr die Verarbeitung Verantwortlichen seine personenbezogenen Daten in einem strukturierten, g\u00e4ngigen und maschinenlesbaren Format zu erhalten und sie an einen anderen f\u00fcr die Verarbeitung Verantwortlichen zu \u00fcbermitteln. Soweit dies technisch m\u00f6glich ist, \u00fcbermittelt der f\u00fcr die Verarbeitung Verantwortliche die Daten direkt an diesen anderen f\u00fcr die Verarbeitung Verantwortlichen. <\/span><\/li><li style=\"font-weight: 400\"><i>\n  <span style=\"font-weight: 400\">Recht auf Widerspruch:<\/span>\n<\/i><span style=\"font-weight: 400\"> Dies ist das Recht des Benutzers, die Verarbeitung seiner personenbezogenen Daten zu verweigern oder deren Verarbeitung durch Ram\u00edrez &amp; G\u00e1lvez zu beenden.<\/span><\/li><li style=\"font-weight: 400\"><i>\n  <span style=\"font-weight: 400\">Das Recht, nicht einer Entscheidung unterworfen zu werden, die ausschlie\u00dflich auf einer automatisierten Verarbeitung, einschlie\u00dflich Profiling, beruht:<\/span>\n<\/i><span style=\"font-weight: 400\"> Dies ist das Recht des Nutzers, keiner individualisierten Entscheidung unterworfen zu werden, die ausschlie\u00dflich auf einer automatisierten Verarbeitung seiner personenbezogenen Daten beruht, einschlie\u00dflich Profiling, sofern dies nicht gesetzlich anders vorgesehen ist.<\/span><\/li><\/ul><p><span style=\"font-weight: 400\">Daher kann der Nutzer seine Rechte durch eine schriftliche Mitteilung an den f\u00fcr die Datenverarbeitung Verantwortlichen mit der Referenz \"RGPD-<\/span><a href=\"https:\/\/ramirezgalvez.com\/de\/\">\n  <span style=\"font-weight: 400\">https:\/\/ramirezgalvez.com<\/span>\n<\/a><span style=\"font-weight: 400\">\" unter Angabe:<\/span><\/p><ul><li style=\"font-weight: 400\"><span style=\"font-weight: 400\">Name, Nachname(n) des Nutzers und Kopie des Personalausweises. In den F\u00e4llen, in denen eine Vertretung zul\u00e4ssig ist, muss auch die Person, die den Nutzer vertritt, mit denselben Mitteln identifiziert werden, ebenso wie das Dokument, das die Vertretung best\u00e4tigt. Die Fotokopie des Personalausweises kann durch jedes andere rechtsg\u00fcltige Mittel ersetzt werden, mit dem die Identit\u00e4t nachgewiesen werden kann.  <\/span><\/li><li style=\"font-weight: 400\"><span style=\"font-weight: 400\">Anfrage mit spezifischen Gr\u00fcnden f\u00fcr die Anfrage oder die Informationen, auf die zugegriffen werden soll.<\/span><\/li><li style=\"font-weight: 400\"><span style=\"font-weight: 400\">Adresse zum Zweck der Benachrichtigung.<\/span><\/li><li style=\"font-weight: 400\"><span style=\"font-weight: 400\">Datum und Unterschrift des Antragstellers.<\/span><\/li><li style=\"font-weight: 400\"><span style=\"font-weight: 400\">Jedes Dokument, das Ihren Antrag unterst\u00fctzt.<\/span><\/li><\/ul><p><span style=\"font-weight: 400\">Dieser Antrag und alle dazugeh\u00f6rigen Unterlagen k\u00f6nnen an die folgende Adresse und\/oder E-Mail-Adresse geschickt werden:<\/span><\/p><p><span style=\"font-weight: 400\">E-Mail: info@ramirezgalvez.com<\/span><\/p><h4><b>Links zu Websites von Dritten<\/b><\/h4><p><span style=\"font-weight: 400\">Die Website kann Hyperlinks oder Links enthalten, die den Zugang zu Websites Dritter erm\u00f6glichen, die nicht zu Ram\u00edrez &amp; G\u00e1lvez geh\u00f6ren und daher nicht von Ram\u00edrez &amp; G\u00e1lvez betrieben werden. Die Eigent\u00fcmer solcher Websites haben ihre eigenen Datenschutzrichtlinien und sind in jedem Fall selbst f\u00fcr ihre eigenen Dateien und ihre eigenen Datenschutzpraktiken verantwortlich. <\/span><\/p><h4><b>Beschwerden bei der Aufsichtsbeh\u00f6rde<\/b><\/h4><p><span style=\"font-weight: 400\">Sollte der Nutzer der Ansicht sein, dass die Art und Weise, wie seine personenbezogenen Daten verarbeitet werden, ein Problem oder einen Versto\u00df gegen die geltenden Vorschriften darstellt, hat er das Recht auf wirksamen Rechtsschutz und das Recht, eine Beschwerde bei einer Aufsichtsbeh\u00f6rde einzureichen, insbesondere in dem Staat, in dem er seinen gew\u00f6hnlichen Wohnsitz, seinen Arbeitsplatz oder den Ort des angeblichen Versto\u00dfes hat. Im Falle Spaniens ist die Aufsichtsbeh\u00f6rde die Agencia Espa\u00f1ola de Protecci\u00f3n de Datos (Spanische Datenschutzbeh\u00f6rde ( <\/span><a href=\"http:\/\/www.agpd.es\" target=\"_blank\" rel=\"noopener\">\n  <span style=\"font-weight: 400\">http:\/\/www.agpd.es<\/span>\n<\/a><span style=\"font-weight: 400\">).<\/span><\/p><h3><b>II. AKZEPTANZ UND \u00c4NDERUNGEN DIESER DATENSCHUTZRICHTLINIE <\/b><\/h3><p><span style=\"font-weight: 400\">Es ist notwendig, dass der Benutzer die in dieser Datenschutzerkl\u00e4rung enthaltenen Bedingungen zum Schutz personenbezogener Daten gelesen hat und ihnen zustimmt, sowie dass er die Verarbeitung seiner personenbezogenen Daten akzeptiert, damit der Datenverantwortliche in der Art und Weise, w\u00e4hrend der Zeitr\u00e4ume und zu den angegebenen Zwecken fortfahren kann. Die Nutzung der Website setzt die Annahme der Datenschutzbestimmungen voraus. <\/span><\/p><p><span style=\"font-weight: 400\">Ram\u00edrez &amp; G\u00e1lvez beh\u00e4lt sich das Recht vor, seine Datenschutzpolitik nach eigenen Kriterien oder aufgrund einer \u00c4nderung der Gesetzgebung, der Rechtsprechung oder der Doktrin der spanischen Datenschutzbeh\u00f6rde zu \u00e4ndern. \u00c4nderungen oder Aktualisierungen dieser Datenschutzpolitik werden dem Benutzer nicht ausdr\u00fccklich mitgeteilt. Dem Benutzer wird empfohlen, diese Seite regelm\u00e4\u00dfig zu konsultieren, um \u00fcber die neuesten \u00c4nderungen oder Aktualisierungen auf dem Laufenden zu bleiben.  <\/span><\/p><p><span style=\"font-weight: 400\">Diese Datenschutzerkl\u00e4rung wurde aktualisiert, um sie an die Verordnung (EU) 2016\/679 des Europ\u00e4ischen Parlaments und des Rates vom 27. April 2016 zum Schutz nat\u00fcrlicher Personen bei der Verarbeitung personenbezogener Daten und zum freien Datenverkehr (GDPR) und an das Organgesetz 3\/2018 vom 5. Dezember \u00fcber den Schutz personenbezogener Daten und die Gew\u00e4hrleistung digitaler Rechte anzupassen.<\/span><\/p><\/header><\/div><\/div>\n        <\/section>\t\t\t\t<\/div>\n\t\t\t\t<\/div>\n\t\t\t\t\t<\/div>\n\t\t\t\t<\/div>\n\t\t\t\t<\/div>\n\t\t","protected":false},"excerpt":{"rendered":"<p>https:\/\/ramirezgalvez.com Politik zuDatenschutz Datum des Inkrafttretens: 10. Februar 2025Letzte Aktualisierung: 10. Februar 2025 Unter Beachtung der geltenden Rechtsvorschriften verpflichtet sich Ram\u00edrez &amp; G\u00e1lvez (im Folgenden auch Website), die notwendigen technischen und organisatorischen Ma\u00dfnahmen zu ergreifen, die dem Risiko der erhobenen Daten angemessen sind. Gesetze, die in dieser Datenschutzerkl\u00e4rung enthalten sind Diese Datenschutzerkl\u00e4rung ist an die [&hellip;]<\/p>\n","protected":false},"author":5,"featured_media":0,"parent":0,"menu_order":0,"comment_status":"closed","ping_status":"closed","template":"","meta":{"rs_blank_template":"","rs_page_bg_color":"","slide_template_v7":"","footnotes":""},"class_list":["post-7026","page","type-page","status-publish","hentry"],"_links":{"self":[{"href":"https:\/\/ramirezgalvez.com\/de\/wp-json\/wp\/v2\/pages\/7026","targetHints":{"allow":["GET"]}}],"collection":[{"href":"https:\/\/ramirezgalvez.com\/de\/wp-json\/wp\/v2\/pages"}],"about":[{"href":"https:\/\/ramirezgalvez.com\/de\/wp-json\/wp\/v2\/types\/page"}],"author":[{"embeddable":true,"href":"https:\/\/ramirezgalvez.com\/de\/wp-json\/wp\/v2\/users\/5"}],"replies":[{"embeddable":true,"href":"https:\/\/ramirezgalvez.com\/de\/wp-json\/wp\/v2\/comments?post=7026"}],"version-history":[{"count":3,"href":"https:\/\/ramirezgalvez.com\/de\/wp-json\/wp\/v2\/pages\/7026\/revisions"}],"predecessor-version":[{"id":7434,"href":"https:\/\/ramirezgalvez.com\/de\/wp-json\/wp\/v2\/pages\/7026\/revisions\/7434"}],"wp:attachment":[{"href":"https:\/\/ramirezgalvez.com\/de\/wp-json\/wp\/v2\/media?parent=7026"}],"curies":[{"name":"wp","href":"https:\/\/api.w.org\/{rel}","templated":true}]}}