{"id":7802,"date":"2024-01-24T04:56:04","date_gmt":"2024-01-24T02:56:04","guid":{"rendered":"https:\/\/ramirezgalvez.com\/kontakt\/"},"modified":"2025-10-17T13:17:25","modified_gmt":"2025-10-17T11:17:25","slug":"kontakt","status":"publish","type":"page","link":"https:\/\/ramirezgalvez.com\/de\/kontakt\/","title":{"rendered":"Kontakt"},"content":{"rendered":"\t\t<div data-elementor-type=\"wp-page\" data-elementor-id=\"7802\" class=\"elementor elementor-7802 elementor-414\" data-elementor-post-type=\"page\">\n\t\t\t\t<div class=\"aux-parallax-section elementor-element elementor-element-c915b22 e-flex e-con-boxed e-con e-parent\" data-id=\"c915b22\" data-element_type=\"container\" data-e-type=\"container\" data-settings=\"{&quot;background_background&quot;:&quot;classic&quot;}\">\n\t\t\t\t\t<div class=\"e-con-inner\">\n\t\t<div class=\"elementor-element elementor-element-1ab255c e-flex e-con-boxed e-con e-child\" data-id=\"1ab255c\" data-element_type=\"container\" data-e-type=\"container\">\n\t\t\t\t\t<div class=\"e-con-inner\">\n\t\t\t\t<div class=\"elementor-element elementor-element-69db7b8 elementor-widget elementor-widget-aux_modern_heading\" data-id=\"69db7b8\" data-element_type=\"widget\" data-e-type=\"widget\" data-widget_type=\"aux_modern_heading.default\">\n\t\t\t\t<div class=\"elementor-widget-container\">\n\t\t\t\t\t<section class=\"aux-widget-modern-heading\">\n            <div class=\"aux-widget-inner\"><h3 class=\"aux-modern-heading-primary\">Ihre Vision, unsere Mission<\/h3><h1 class=\"aux-modern-heading-secondary\"><span class=\"aux-head-before\">Kontaktieren Sie unseren <\/span><span class=\"aux-head-highlight\">Kliniken<\/span><\/h1><div class=\"aux-modern-heading-description\"><p>Der erste Schritt zu Ihrem visuellen und \u00e4sthetischen Wohlbefinden beginnt mit einem Gespr\u00e4ch.<\/p><\/div><\/div>\n        <\/section>\t\t\t\t<\/div>\n\t\t\t\t<\/div>\n\t\t\t\t\t<\/div>\n\t\t\t\t<\/div>\n\t\t\t\t\t<\/div>\n\t\t\t\t<\/div>\n\t\t<div class=\"aux-parallax-section elementor-element elementor-element-63b7f20 e-flex e-con-boxed elementor-invisible e-con e-parent\" data-id=\"63b7f20\" data-element_type=\"container\" data-e-type=\"container\" data-settings=\"{&quot;animation&quot;:&quot;slideInUp&quot;}\">\n\t\t\t\t\t<div class=\"e-con-inner\">\n\t\t<div class=\"elementor-element elementor-element-c31f874 e-con-full e-flex e-con e-child\" data-id=\"c31f874\" data-element_type=\"container\" data-e-type=\"container\">\n\t\t\t\t<div class=\"elementor-element elementor-element-c401a60 elementor-widget elementor-widget-image\" data-id=\"c401a60\" data-element_type=\"widget\" data-e-type=\"widget\" data-widget_type=\"image.default\">\n\t\t\t\t<div class=\"elementor-widget-container\">\n\t\t\t\t\t\t\t\t\t\t\t\t\t\t\t<img fetchpriority=\"high\" decoding=\"async\" width=\"1024\" height=\"683\" src=\"https:\/\/ramirezgalvez.com\/wp-content\/uploads\/2024\/11\/231207_24-1024x683.jpg\" class=\"attachment-large size-large wp-image-6950\" alt=\"\" srcset=\"https:\/\/ramirezgalvez.com\/wp-content\/uploads\/2024\/11\/231207_24-1024x683.jpg 1024w, https:\/\/ramirezgalvez.com\/wp-content\/uploads\/2024\/11\/231207_24-300x200.jpg 300w, https:\/\/ramirezgalvez.com\/wp-content\/uploads\/2024\/11\/231207_24-768x512.jpg 768w, https:\/\/ramirezgalvez.com\/wp-content\/uploads\/2024\/11\/231207_24-1536x1024.jpg 1536w, https:\/\/ramirezgalvez.com\/wp-content\/uploads\/2024\/11\/231207_24-2048x1365.jpg 2048w\" sizes=\"(max-width: 1024px) 100vw, 1024px\" title=\"\">\t\t\t\t\t\t\t\t\t\t\t\t\t\t\t<\/div>\n\t\t\t\t<\/div>\n\t\t\t\t<div class=\"elementor-element elementor-element-4fc0eae elementor-widget elementor-widget-aux_modern_heading\" data-id=\"4fc0eae\" data-element_type=\"widget\" data-e-type=\"widget\" data-widget_type=\"aux_modern_heading.default\">\n\t\t\t\t<div class=\"elementor-widget-container\">\n\t\t\t\t\t<section class=\"aux-widget-modern-heading\">\n            <div class=\"aux-widget-inner\"><h3 class=\"aux-modern-heading-primary\"><\/h3><h2 class=\"aux-modern-heading-secondary\"><span class=\"aux-head-before\">Torre del Mar <\/span><span class=\"aux-head-highlight\">(M\u00e1laga)<\/span><\/h2><div class=\"aux-modern-heading-description\"><p>Unsere Klinik in Torre del Mar an der Costa del Sol ist auf modernste Augenchirurgie und Augenverj\u00fcngungstechniken spezialisiert.<\/p><\/div><\/div>\n        <\/section>\t\t\t\t<\/div>\n\t\t\t\t<\/div>\n\t\t\t\t<div class=\"elementor-element elementor-element-b6d13fe elementor-align-center elementor-icon-list--layout-traditional elementor-list-item-link-full_width elementor-widget elementor-widget-icon-list\" data-id=\"b6d13fe\" data-element_type=\"widget\" data-e-type=\"widget\" data-widget_type=\"icon-list.default\">\n\t\t\t\t<div class=\"elementor-widget-container\">\n\t\t\t\t\t\t\t<ul class=\"elementor-icon-list-items\">\n\t\t\t\t\t\t\t<li class=\"elementor-icon-list-item\">\n\t\t\t\t\t\t\t\t\t\t\t<a href=\"tel:671026469\">\n\n\t\t\t\t\t\t\t\t\t\t\t\t<span class=\"elementor-icon-list-icon\">\n\t\t\t\t\t\t\t<i aria-hidden=\"true\" class=\"fas fa-phone-alt\"><\/i>\t\t\t\t\t\t<\/span>\n\t\t\t\t\t\t\t\t\t\t<span class=\"elementor-icon-list-text\">671 02 64 69<\/span>\n\t\t\t\t\t\t\t\t\t\t\t<\/a>\n\t\t\t\t\t\t\t\t\t<\/li>\n\t\t\t\t\t\t\t\t<li class=\"elementor-icon-list-item\">\n\t\t\t\t\t\t\t\t\t\t\t<a href=\"mailto:torredelmar@ramirezgalvez.com\">\n\n\t\t\t\t\t\t\t\t\t\t\t\t<span class=\"elementor-icon-list-icon\">\n\t\t\t\t\t\t\t<i aria-hidden=\"true\" class=\"far fa-envelope\"><\/i>\t\t\t\t\t\t<\/span>\n\t\t\t\t\t\t\t\t\t\t<span class=\"elementor-icon-list-text\">Torredelmar@ramirezgalvez.com<\/span>\n\t\t\t\t\t\t\t\t\t\t\t<\/a>\n\t\t\t\t\t\t\t\t\t<\/li>\n\t\t\t\t\t\t\t\t<li class=\"elementor-icon-list-item\">\n\t\t\t\t\t\t\t\t\t\t\t<a href=\"https:\/\/g.co\/kgs\/fRb4QyU\">\n\n\t\t\t\t\t\t\t\t\t\t\t\t<span class=\"elementor-icon-list-icon\">\n\t\t\t\t\t\t\t<i aria-hidden=\"true\" class=\"fas fa-map-marker-alt\"><\/i>\t\t\t\t\t\t<\/span>\n\t\t\t\t\t\t\t\t\t\t<span class=\"elementor-icon-list-text\">C. Acuario, 3, 29740 Torre del Mar<\/span>\n\t\t\t\t\t\t\t\t\t\t\t<\/a>\n\t\t\t\t\t\t\t\t\t<\/li>\n\t\t\t\t\t\t<\/ul>\n\t\t\t\t\t\t<\/div>\n\t\t\t\t<\/div>\n\t\t\t\t<div class=\"elementor-element elementor-element-15f5575 elementor-align-center elementor-widget elementor-widget-button\" data-id=\"15f5575\" data-element_type=\"widget\" data-e-type=\"widget\" data-widget_type=\"button.default\">\n\t\t\t\t<div class=\"elementor-widget-container\">\n\t\t\t\t\t\t\t\t\t<div class=\"elementor-button-wrapper\">\n\t\t\t\t\t<a class=\"elementor-button elementor-button-link elementor-size-md elementor-animation-float\" href=\"https:\/\/api.whatsapp.com\/send\/?phone=34671026469&#038;text=%C2%A1Hola!+Me+gustaria+reservar+una+cita%21&#038;type=phone_number&#038;app_absent=0\" target=\"_blank\" rel=\"noopener\">\n\t\t\t\t\t\t<span class=\"elementor-button-content-wrapper\">\n\t\t\t\t\t\t<span class=\"elementor-button-icon\">\n\t\t\t\t<i aria-hidden=\"true\" class=\"fab fa-whatsapp\"><\/i>\t\t\t<\/span>\n\t\t\t\t\t\t\t\t\t<span class=\"elementor-button-text\">Termin vereinbaren<\/span>\n\t\t\t\t\t<\/span>\n\t\t\t\t\t<\/a>\n\t\t\t\t<\/div>\n\t\t\t\t\t\t\t\t<\/div>\n\t\t\t\t<\/div>\n\t\t\t\t<\/div>\n\t\t<div class=\"elementor-element elementor-element-457f725 e-con-full e-flex e-con e-child\" data-id=\"457f725\" data-element_type=\"container\" data-e-type=\"container\">\n\t\t\t\t<div class=\"elementor-element elementor-element-82b61d4 elementor-widget elementor-widget-image\" data-id=\"82b61d4\" data-element_type=\"widget\" data-e-type=\"widget\" data-widget_type=\"image.default\">\n\t\t\t\t<div class=\"elementor-widget-container\">\n\t\t\t\t\t\t\t\t\t\t\t\t\t\t\t<img decoding=\"async\" width=\"1024\" height=\"683\" src=\"https:\/\/ramirezgalvez.com\/wp-content\/uploads\/2024\/11\/240812_66-1024x683.jpg\" class=\"attachment-large size-large wp-image-6951\" alt=\"\" srcset=\"https:\/\/ramirezgalvez.com\/wp-content\/uploads\/2024\/11\/240812_66-1024x683.jpg 1024w, https:\/\/ramirezgalvez.com\/wp-content\/uploads\/2024\/11\/240812_66-300x200.jpg 300w, https:\/\/ramirezgalvez.com\/wp-content\/uploads\/2024\/11\/240812_66-768x512.jpg 768w, https:\/\/ramirezgalvez.com\/wp-content\/uploads\/2024\/11\/240812_66-1536x1024.jpg 1536w, https:\/\/ramirezgalvez.com\/wp-content\/uploads\/2024\/11\/240812_66.jpg 2048w\" sizes=\"(max-width: 1024px) 100vw, 1024px\" title=\"\">\t\t\t\t\t\t\t\t\t\t\t\t\t\t\t<\/div>\n\t\t\t\t<\/div>\n\t\t\t\t<div class=\"elementor-element elementor-element-6aa0715 elementor-widget elementor-widget-aux_modern_heading\" data-id=\"6aa0715\" data-element_type=\"widget\" data-e-type=\"widget\" data-widget_type=\"aux_modern_heading.default\">\n\t\t\t\t<div class=\"elementor-widget-container\">\n\t\t\t\t\t<section class=\"aux-widget-modern-heading\">\n            <div class=\"aux-widget-inner\"><h3 class=\"aux-modern-heading-primary\"><\/h3><h2 class=\"aux-modern-heading-secondary\"><span class=\"aux-head-before\">Lucena <\/span><span class=\"aux-head-highlight\">(C\u00f3rdoba)<\/span><\/h2><div class=\"aux-modern-heading-description\"><p>Unsere Klinik im Herzen von Lucena, ein f\u00fchrendes Zentrum f\u00fcr umfassende Augenheilkunde und freundliche Behandlung f\u00fcr die gesamte Region Subb\u00e9tica.<\/p><\/div><\/div>\n        <\/section>\t\t\t\t<\/div>\n\t\t\t\t<\/div>\n\t\t\t\t<div class=\"elementor-element elementor-element-bc8b6f9 elementor-align-center elementor-icon-list--layout-traditional elementor-list-item-link-full_width elementor-widget elementor-widget-icon-list\" data-id=\"bc8b6f9\" data-element_type=\"widget\" data-e-type=\"widget\" data-widget_type=\"icon-list.default\">\n\t\t\t\t<div class=\"elementor-widget-container\">\n\t\t\t\t\t\t\t<ul class=\"elementor-icon-list-items\">\n\t\t\t\t\t\t\t<li class=\"elementor-icon-list-item\">\n\t\t\t\t\t\t\t\t\t\t\t<a href=\"tel:677228296\">\n\n\t\t\t\t\t\t\t\t\t\t\t\t<span class=\"elementor-icon-list-icon\">\n\t\t\t\t\t\t\t<i aria-hidden=\"true\" class=\"fas fa-phone-alt\"><\/i>\t\t\t\t\t\t<\/span>\n\t\t\t\t\t\t\t\t\t\t<span class=\"elementor-icon-list-text\">677 22 82 96<\/span>\n\t\t\t\t\t\t\t\t\t\t\t<\/a>\n\t\t\t\t\t\t\t\t\t<\/li>\n\t\t\t\t\t\t\t\t<li class=\"elementor-icon-list-item\">\n\t\t\t\t\t\t\t\t\t\t\t<a href=\"mailto:lucena@ramirezgalvez.com\">\n\n\t\t\t\t\t\t\t\t\t\t\t\t<span class=\"elementor-icon-list-icon\">\n\t\t\t\t\t\t\t<i aria-hidden=\"true\" class=\"far fa-envelope\"><\/i>\t\t\t\t\t\t<\/span>\n\t\t\t\t\t\t\t\t\t\t<span class=\"elementor-icon-list-text\">Lucena@ramirezgalvez.com<\/span>\n\t\t\t\t\t\t\t\t\t\t\t<\/a>\n\t\t\t\t\t\t\t\t\t<\/li>\n\t\t\t\t\t\t\t\t<li class=\"elementor-icon-list-item\">\n\t\t\t\t\t\t\t\t\t\t\t<a href=\"https:\/\/g.co\/kgs\/rNGG3yS\">\n\n\t\t\t\t\t\t\t\t\t\t\t\t<span class=\"elementor-icon-list-icon\">\n\t\t\t\t\t\t\t<i aria-hidden=\"true\" class=\"fas fa-map-marker-alt\"><\/i>\t\t\t\t\t\t<\/span>\n\t\t\t\t\t\t\t\t\t\t<span class=\"elementor-icon-list-text\">C. San Pedro, 6, 14900 Lucena<\/span>\n\t\t\t\t\t\t\t\t\t\t\t<\/a>\n\t\t\t\t\t\t\t\t\t<\/li>\n\t\t\t\t\t\t<\/ul>\n\t\t\t\t\t\t<\/div>\n\t\t\t\t<\/div>\n\t\t\t\t<div class=\"elementor-element elementor-element-0db24f6 elementor-align-center elementor-widget elementor-widget-button\" data-id=\"0db24f6\" data-element_type=\"widget\" data-e-type=\"widget\" data-widget_type=\"button.default\">\n\t\t\t\t<div class=\"elementor-widget-container\">\n\t\t\t\t\t\t\t\t\t<div class=\"elementor-button-wrapper\">\n\t\t\t\t\t<a class=\"elementor-button elementor-button-link elementor-size-md elementor-animation-float\" href=\"https:\/\/api.whatsapp.com\/send\/?phone=34677228296&#038;text=%C2%A1Hola!+Me+gustaria+reservar+una+cita%21&#038;type=phone_number&#038;app_absent=0\" target=\"_blank\" rel=\"noopener\">\n\t\t\t\t\t\t<span class=\"elementor-button-content-wrapper\">\n\t\t\t\t\t\t<span class=\"elementor-button-icon\">\n\t\t\t\t<i aria-hidden=\"true\" class=\"fab fa-whatsapp\"><\/i>\t\t\t<\/span>\n\t\t\t\t\t\t\t\t\t<span class=\"elementor-button-text\">Termin vereinbaren<\/span>\n\t\t\t\t\t<\/span>\n\t\t\t\t\t<\/a>\n\t\t\t\t<\/div>\n\t\t\t\t\t\t\t\t<\/div>\n\t\t\t\t<\/div>\n\t\t\t\t<\/div>\n\t\t\t\t\t<\/div>\n\t\t\t\t<\/div>\n\t\t\t\t<\/div>\n\t\t","protected":false},"excerpt":{"rendered":"<p>Ihre Vision, unsere Mission Kontaktieren Sie unseren Kliniken Der erste Schritt zu Ihrem visuellen und \u00e4sthetischen Wohlbefinden beginnt mit einem Gespr\u00e4ch. Torre del Mar (M\u00e1laga) Unsere Klinik in Torre del Mar an der Costa del Sol ist auf modernste Augenchirurgie und Augenverj\u00fcngungstechniken spezialisiert. 671 02 64 69 Torredelmar@ramirezgalvez.com C. Acuario, 3, 29740 Torre del Mar [&hellip;]<\/p>\n","protected":false},"author":5,"featured_media":0,"parent":0,"menu_order":0,"comment_status":"closed","ping_status":"closed","template":"","meta":{"rs_blank_template":"","rs_page_bg_color":"","slide_template_v7":"","footnotes":""},"class_list":["post-7802","page","type-page","status-publish","hentry"],"_links":{"self":[{"href":"https:\/\/ramirezgalvez.com\/de\/wp-json\/wp\/v2\/pages\/7802","targetHints":{"allow":["GET"]}}],"collection":[{"href":"https:\/\/ramirezgalvez.com\/de\/wp-json\/wp\/v2\/pages"}],"about":[{"href":"https:\/\/ramirezgalvez.com\/de\/wp-json\/wp\/v2\/types\/page"}],"author":[{"embeddable":true,"href":"https:\/\/ramirezgalvez.com\/de\/wp-json\/wp\/v2\/users\/5"}],"replies":[{"embeddable":true,"href":"https:\/\/ramirezgalvez.com\/de\/wp-json\/wp\/v2\/comments?post=7802"}],"version-history":[{"count":3,"href":"https:\/\/ramirezgalvez.com\/de\/wp-json\/wp\/v2\/pages\/7802\/revisions"}],"predecessor-version":[{"id":7810,"href":"https:\/\/ramirezgalvez.com\/de\/wp-json\/wp\/v2\/pages\/7802\/revisions\/7810"}],"wp:attachment":[{"href":"https:\/\/ramirezgalvez.com\/de\/wp-json\/wp\/v2\/media?parent=7802"}],"curies":[{"name":"wp","href":"https:\/\/api.w.org\/{rel}","templated":true}]}}