{"id":8071,"date":"2025-01-30T18:27:43","date_gmt":"2025-01-30T16:27:43","guid":{"rendered":"https:\/\/ramirezgalvez.com\/work-with-us\/"},"modified":"2025-11-04T18:06:58","modified_gmt":"2025-11-04T16:06:58","slug":"work-with-us","status":"publish","type":"page","link":"https:\/\/ramirezgalvez.com\/en\/work-with-us\/","title":{"rendered":"Work with us"},"content":{"rendered":"\t\t<div data-elementor-type=\"wp-page\" data-elementor-id=\"8071\" class=\"elementor elementor-8071 elementor-1636\" data-elementor-post-type=\"page\">\n\t\t\t\t<div class=\"aux-parallax-section elementor-element elementor-element-c915b22 e-flex e-con-boxed e-con e-parent\" data-id=\"c915b22\" data-element_type=\"container\" data-e-type=\"container\" data-settings=\"{&quot;background_background&quot;:&quot;classic&quot;}\">\n\t\t\t\t\t<div class=\"e-con-inner\">\n\t\t<div class=\"elementor-element elementor-element-1ab255c e-flex e-con-boxed e-con e-child\" data-id=\"1ab255c\" data-element_type=\"container\" data-e-type=\"container\">\n\t\t\t\t\t<div class=\"e-con-inner\">\n\t\t\t\t<div class=\"elementor-element elementor-element-5e7dc17 elementor-widget elementor-widget-aux_modern_heading\" data-id=\"5e7dc17\" data-element_type=\"widget\" data-e-type=\"widget\" data-widget_type=\"aux_modern_heading.default\">\n\t\t\t\t<div class=\"elementor-widget-container\">\n\t\t\t\t\t<section class=\"aux-widget-modern-heading\">\n            <div class=\"aux-widget-inner\"><h2 class=\"aux-modern-heading-primary\">Ram\u00edrez &amp; G\u00e1lvez Clinics<\/h2><h1 class=\"aux-modern-heading-secondary\"><span class=\"aux-head-before\">Works with  <\/span><span class=\"aux-head-highlight\">We<\/span><\/h1><\/div>\n        <\/section>\t\t\t\t<\/div>\n\t\t\t\t<\/div>\n\t\t\t\t\t<\/div>\n\t\t\t\t<\/div>\n\t\t\t\t\t<\/div>\n\t\t\t\t<\/div>\n\t\t<div class=\"aux-parallax-section elementor-element elementor-element-63b7f20 e-flex e-con-boxed elementor-invisible e-con e-parent\" data-id=\"63b7f20\" data-element_type=\"container\" data-e-type=\"container\" data-settings=\"{&quot;animation&quot;:&quot;fadeIn&quot;,&quot;background_background&quot;:&quot;classic&quot;}\">\n\t\t\t\t\t<div class=\"e-con-inner\">\n\t\t<div class=\"elementor-element elementor-element-c31f874 e-con-full e-flex e-con e-child\" data-id=\"c31f874\" data-element_type=\"container\" data-e-type=\"container\">\n\t\t\t\t<div class=\"elementor-element elementor-element-c401a60 elementor-widget__width-initial elementor-widget elementor-widget-image\" data-id=\"c401a60\" data-element_type=\"widget\" data-e-type=\"widget\" data-widget_type=\"image.default\">\n\t\t\t\t<div class=\"elementor-widget-container\">\n\t\t\t\t\t\t\t\t\t\t\t\t\t\t\t<img fetchpriority=\"high\" decoding=\"async\" width=\"1024\" height=\"682\" src=\"https:\/\/ramirezgalvez.com\/wp-content\/uploads\/2025\/02\/231207_2-1024x682.jpg\" class=\"attachment-large size-large wp-image-8070\" alt=\"\" srcset=\"https:\/\/ramirezgalvez.com\/wp-content\/uploads\/2025\/02\/231207_2-1024x682.jpg 1024w, https:\/\/ramirezgalvez.com\/wp-content\/uploads\/2025\/02\/231207_2-300x200.jpg 300w, https:\/\/ramirezgalvez.com\/wp-content\/uploads\/2025\/02\/231207_2-768x512.jpg 768w, https:\/\/ramirezgalvez.com\/wp-content\/uploads\/2025\/02\/231207_2-1536x1024.jpg 1536w, https:\/\/ramirezgalvez.com\/wp-content\/uploads\/2025\/02\/231207_2.jpg 2000w\" sizes=\"(max-width: 1024px) 100vw, 1024px\" title=\"\">\t\t\t\t\t\t\t\t\t\t\t\t\t\t\t<\/div>\n\t\t\t\t<\/div>\n\t\t\t\t<div class=\"elementor-element elementor-element-ed321bf elementor-widget elementor-widget-aux_modern_heading\" data-id=\"ed321bf\" data-element_type=\"widget\" data-e-type=\"widget\" data-widget_type=\"aux_modern_heading.default\">\n\t\t\t\t<div class=\"elementor-widget-container\">\n\t\t\t\t\t<section class=\"aux-widget-modern-heading\">\n            <div class=\"aux-widget-inner\"><h3 class=\"aux-modern-heading-primary\"><\/h3><h2 class=\"aux-modern-heading-secondary\"><span class=\"aux-head-before\">Torre del Mar<\/span><span class=\"aux-head-highlight\">(M\u00e1laga)<\/span><\/h2><\/div>\n        <\/section>\t\t\t\t<\/div>\n\t\t\t\t<\/div>\n\t\t\t\t<div class=\"elementor-element elementor-element-b6d13fe elementor-align-center elementor-icon-list--layout-traditional elementor-list-item-link-full_width elementor-widget elementor-widget-icon-list\" data-id=\"b6d13fe\" data-element_type=\"widget\" data-e-type=\"widget\" data-widget_type=\"icon-list.default\">\n\t\t\t\t<div class=\"elementor-widget-container\">\n\t\t\t\t\t\t\t<ul class=\"elementor-icon-list-items\">\n\t\t\t\t\t\t\t<li class=\"elementor-icon-list-item\">\n\t\t\t\t\t\t\t\t\t\t\t<a href=\"mailto:torredelmar@ramirezgalvez.com\">\n\n\t\t\t\t\t\t\t\t\t\t\t\t<span class=\"elementor-icon-list-icon\">\n\t\t\t\t\t\t\t<i aria-hidden=\"true\" class=\"far fa-envelope\"><\/i>\t\t\t\t\t\t<\/span>\n\t\t\t\t\t\t\t\t\t\t<span class=\"elementor-icon-list-text\">Torredelmar@ramirezgalvez.com<\/span>\n\t\t\t\t\t\t\t\t\t\t\t<\/a>\n\t\t\t\t\t\t\t\t\t<\/li>\n\t\t\t\t\t\t\t\t<li class=\"elementor-icon-list-item\">\n\t\t\t\t\t\t\t\t\t\t\t<a href=\"https:\/\/g.co\/kgs\/fRb4QyU\">\n\n\t\t\t\t\t\t\t\t\t\t\t\t<span class=\"elementor-icon-list-icon\">\n\t\t\t\t\t\t\t<i aria-hidden=\"true\" class=\"fas fa-map-marker-alt\"><\/i>\t\t\t\t\t\t<\/span>\n\t\t\t\t\t\t\t\t\t\t<span class=\"elementor-icon-list-text\">C. Acuario, 3, 29740 Torre del Mar, M\u00e1laga<\/span>\n\t\t\t\t\t\t\t\t\t\t\t<\/a>\n\t\t\t\t\t\t\t\t\t<\/li>\n\t\t\t\t\t\t<\/ul>\n\t\t\t\t\t\t<\/div>\n\t\t\t\t<\/div>\n\t\t\t\t<\/div>\n\t\t<div class=\"elementor-element elementor-element-457f725 e-con-full e-flex e-con e-child\" data-id=\"457f725\" data-element_type=\"container\" data-e-type=\"container\">\n\t\t\t\t<div class=\"elementor-element elementor-element-82b61d4 elementor-widget__width-initial elementor-widget elementor-widget-image\" data-id=\"82b61d4\" data-element_type=\"widget\" data-e-type=\"widget\" data-widget_type=\"image.default\">\n\t\t\t\t<div class=\"elementor-widget-container\">\n\t\t\t\t\t\t\t\t\t\t\t\t\t\t\t<img decoding=\"async\" width=\"1024\" height=\"683\" src=\"https:\/\/ramirezgalvez.com\/wp-content\/uploads\/2024\/12\/240812_4-1024x683.jpg\" class=\"attachment-large size-large wp-image-7944\" alt=\"\" srcset=\"https:\/\/ramirezgalvez.com\/wp-content\/uploads\/2024\/12\/240812_4-1024x683.jpg 1024w, https:\/\/ramirezgalvez.com\/wp-content\/uploads\/2024\/12\/240812_4-300x200.jpg 300w, https:\/\/ramirezgalvez.com\/wp-content\/uploads\/2024\/12\/240812_4-768x512.jpg 768w, https:\/\/ramirezgalvez.com\/wp-content\/uploads\/2024\/12\/240812_4-1536x1025.jpg 1536w, https:\/\/ramirezgalvez.com\/wp-content\/uploads\/2024\/12\/240812_4.jpg 2048w\" sizes=\"(max-width: 1024px) 100vw, 1024px\" title=\"\">\t\t\t\t\t\t\t\t\t\t\t\t\t\t\t<\/div>\n\t\t\t\t<\/div>\n\t\t\t\t<div class=\"elementor-element elementor-element-5a1d360 elementor-widget elementor-widget-aux_modern_heading\" data-id=\"5a1d360\" data-element_type=\"widget\" data-e-type=\"widget\" data-widget_type=\"aux_modern_heading.default\">\n\t\t\t\t<div class=\"elementor-widget-container\">\n\t\t\t\t\t<section class=\"aux-widget-modern-heading\">\n            <div class=\"aux-widget-inner\"><h3 class=\"aux-modern-heading-primary\"><\/h3><h2 class=\"aux-modern-heading-secondary\"><span class=\"aux-head-before\">Lucena<\/span><span class=\"aux-head-highlight\">(C\u00f3rdoba)<\/span><\/h2><\/div>\n        <\/section>\t\t\t\t<\/div>\n\t\t\t\t<\/div>\n\t\t\t\t<div class=\"elementor-element elementor-element-bc8b6f9 elementor-align-center elementor-icon-list--layout-traditional elementor-list-item-link-full_width elementor-widget elementor-widget-icon-list\" data-id=\"bc8b6f9\" data-element_type=\"widget\" data-e-type=\"widget\" data-widget_type=\"icon-list.default\">\n\t\t\t\t<div class=\"elementor-widget-container\">\n\t\t\t\t\t\t\t<ul class=\"elementor-icon-list-items\">\n\t\t\t\t\t\t\t<li class=\"elementor-icon-list-item\">\n\t\t\t\t\t\t\t\t\t\t\t<a href=\"mailto:lucena@ramirezgalvez.com\">\n\n\t\t\t\t\t\t\t\t\t\t\t\t<span class=\"elementor-icon-list-icon\">\n\t\t\t\t\t\t\t<i aria-hidden=\"true\" class=\"far fa-envelope\"><\/i>\t\t\t\t\t\t<\/span>\n\t\t\t\t\t\t\t\t\t\t<span class=\"elementor-icon-list-text\">Lucena@ramirezgalvez.com<\/span>\n\t\t\t\t\t\t\t\t\t\t\t<\/a>\n\t\t\t\t\t\t\t\t\t<\/li>\n\t\t\t\t\t\t\t\t<li class=\"elementor-icon-list-item\">\n\t\t\t\t\t\t\t\t\t\t\t<a href=\"https:\/\/g.co\/kgs\/rNGG3yS\">\n\n\t\t\t\t\t\t\t\t\t\t\t\t<span class=\"elementor-icon-list-icon\">\n\t\t\t\t\t\t\t<i aria-hidden=\"true\" class=\"fas fa-map-marker-alt\"><\/i>\t\t\t\t\t\t<\/span>\n\t\t\t\t\t\t\t\t\t\t<span class=\"elementor-icon-list-text\">C. San Pedro, 6, 14900 Lucena, Cordoba<\/span>\n\t\t\t\t\t\t\t\t\t\t\t<\/a>\n\t\t\t\t\t\t\t\t\t<\/li>\n\t\t\t\t\t\t<\/ul>\n\t\t\t\t\t\t<\/div>\n\t\t\t\t<\/div>\n\t\t\t\t<\/div>\n\t\t\t\t\t<\/div>\n\t\t\t\t<\/div>\n\t\t<div class=\"aux-parallax-section elementor-element elementor-element-bd1b7a0 e-flex e-con-boxed e-con e-parent\" data-id=\"bd1b7a0\" data-element_type=\"container\" data-e-type=\"container\" data-settings=\"{&quot;background_background&quot;:&quot;classic&quot;}\">\n\t\t\t\t\t<div class=\"e-con-inner\">\n\t\t<div class=\"elementor-element elementor-element-6c30f00 e-con-full e-flex e-con e-child\" data-id=\"6c30f00\" data-element_type=\"container\" data-e-type=\"container\">\n\t\t\t\t<div class=\"elementor-element elementor-element-6a79791 elementor-widget elementor-widget-aux_modern_heading\" data-id=\"6a79791\" data-element_type=\"widget\" data-e-type=\"widget\" data-widget_type=\"aux_modern_heading.default\">\n\t\t\t\t<div class=\"elementor-widget-container\">\n\t\t\t\t\t<section class=\"aux-widget-modern-heading\">\n            <div class=\"aux-widget-inner\"><h3 class=\"aux-modern-heading-primary\"><\/h3><h2 class=\"aux-modern-heading-secondary\"><span class=\"aux-head-before\">Develop your talent in a team  <\/span><span class=\"aux-head-highlight\">committed  <\/span><span class=\"aux-head-after\">with excellence<\/span><\/h2><div class=\"aux-modern-heading-description\"><p>At <strong>Cl\u00ednica Ram\u00edrez &amp; G\u00e1lvez<\/strong>, we believe that excellence in visual and aesthetic health care begins with a team of passionate and committed professionals. If you are looking for an environment where you can grow professionally, surrounded by specialists in ophthalmology and aesthetic eye care, this is your opportunity! <\/p><p>Our team is characterized by its <strong>human warmth, professionalism and innovative spirit<\/strong>. We work with the latest technology and offer a collaborative environment where each person is key in the experience of our patients. <\/p><p>Would you like to join us? Send us your resume! <\/p><\/div><\/div>\n        <\/section>\t\t\t\t<\/div>\n\t\t\t\t<\/div>\n\t\t\t\t<\/div>\n\t\t<div class=\"elementor-element elementor-element-c78f722 e-con-full e-flex e-con e-child\" data-id=\"c78f722\" data-element_type=\"container\" data-e-type=\"container\">\n\t\t\t\t<div class=\"elementor-element elementor-element-ae57b41 elementor-button-align-start elementor-widget elementor-widget-form\" data-id=\"ae57b41\" data-element_type=\"widget\" data-e-type=\"widget\" data-settings=\"{&quot;step_next_label&quot;:&quot;Next&quot;,&quot;step_previous_label&quot;:&quot;Previous&quot;,&quot;button_width&quot;:&quot;100&quot;,&quot;step_type&quot;:&quot;number_text&quot;,&quot;step_icon_shape&quot;:&quot;circle&quot;}\" data-widget_type=\"form.default\">\n\t\t\t\t<div class=\"elementor-widget-container\">\n\t\t\t\t\t\t\t<form class=\"elementor-form\" method=\"post\" name=\"Work with us\" aria-label=\"Work with us\">\n\t\t\t<input type=\"hidden\" name=\"post_id\" value=\"8071\"\/>\n\t\t\t<input type=\"hidden\" name=\"form_id\" value=\"ae57b41\"\/>\n\t\t\t<input type=\"hidden\" name=\"referer_title\" value=\"Cl\u00ednica Ram\u00edrez &amp; G\u00e1lvez\" \/>\n\n\t\t\t\n\t\t\t<div class=\"elementor-form-fields-wrapper elementor-labels-\">\n\t\t\t\t\t\t\t\t<div class=\"elementor-field-type-text elementor-field-group elementor-column elementor-field-group-name elementor-col-100 elementor-field-required\">\n\t\t\t\t\t\t\t\t\t\t\t\t<label for=\"form-field-name\" class=\"elementor-field-label elementor-screen-only\">\n\t\t\t\t\t\t\t\tName\t\t\t\t\t\t\t<\/label>\n\t\t\t\t\t\t\t\t\t\t\t\t\t\t<input size=\"1\" type=\"text\" name=\"form_fields[name]\" id=\"form-field-name\" class=\"elementor-field elementor-size-sm  elementor-field-textual\" placeholder=\"Name and surname\" required=\"required\">\n\t\t\t\t\t\t\t\t\t\t\t<\/div>\n\t\t\t\t\t\t\t\t<div class=\"elementor-field-type-text elementor-field-group elementor-column elementor-field-group-field_a672940 elementor-col-50 elementor-field-required\">\n\t\t\t\t\t\t\t\t\t\t\t\t<label for=\"form-field-field_a672940\" class=\"elementor-field-label elementor-screen-only\">\n\t\t\t\t\t\t\t\tDNI\/NIE\t\t\t\t\t\t\t<\/label>\n\t\t\t\t\t\t\t\t\t\t\t\t\t\t<input size=\"1\" type=\"text\" name=\"form_fields[field_a672940]\" id=\"form-field-field_a672940\" class=\"elementor-field elementor-size-sm  elementor-field-textual\" placeholder=\"DNI\/NIE\" required=\"required\">\n\t\t\t\t\t\t\t\t\t\t\t<\/div>\n\t\t\t\t\t\t\t\t<div class=\"elementor-field-type-text elementor-field-group elementor-column elementor-field-group-field_7fd1a12 elementor-col-50 elementor-field-required\">\n\t\t\t\t\t\t\t\t\t\t\t\t<label for=\"form-field-field_7fd1a12\" class=\"elementor-field-label elementor-screen-only\">\n\t\t\t\t\t\t\t\tNationality\t\t\t\t\t\t\t<\/label>\n\t\t\t\t\t\t\t\t\t\t\t\t\t\t<input size=\"1\" type=\"text\" name=\"form_fields[field_7fd1a12]\" id=\"form-field-field_7fd1a12\" class=\"elementor-field elementor-size-sm  elementor-field-textual\" placeholder=\"Nationality\" required=\"required\">\n\t\t\t\t\t\t\t\t\t\t\t<\/div>\n\t\t\t\t\t\t\t\t<div class=\"elementor-field-type-email elementor-field-group elementor-column elementor-field-group-email elementor-col-50 elementor-field-required\">\n\t\t\t\t\t\t\t\t\t\t\t\t<label for=\"form-field-email\" class=\"elementor-field-label elementor-screen-only\">\n\t\t\t\t\t\t\t\tE-mail address\t\t\t\t\t\t\t<\/label>\n\t\t\t\t\t\t\t\t\t\t\t\t\t\t<input size=\"1\" type=\"email\" name=\"form_fields[email]\" id=\"form-field-email\" class=\"elementor-field elementor-size-sm  elementor-field-textual\" placeholder=\"E-mail address\" required=\"required\">\n\t\t\t\t\t\t\t\t\t\t\t<\/div>\n\t\t\t\t\t\t\t\t<div class=\"elementor-field-type-tel elementor-field-group elementor-column elementor-field-group-field_820f2a5 elementor-col-50 elementor-field-required\">\n\t\t\t\t\t\t\t\t\t\t\t\t<label for=\"form-field-field_820f2a5\" class=\"elementor-field-label elementor-screen-only\">\n\t\t\t\t\t\t\t\tMobile\t\t\t\t\t\t\t<\/label>\n\t\t\t\t\t\t\t\t<input size=\"1\" type=\"tel\" name=\"form_fields[field_820f2a5]\" id=\"form-field-field_820f2a5\" class=\"elementor-field elementor-size-sm  elementor-field-textual\" placeholder=\"Mobile\" required=\"required\" pattern=\"[0-9()#&amp;+*-=.]+\" title=\"Only numbers and phone characters (#, -, *, etc) are accepted.\">\n\n\t\t\t\t\t\t<\/div>\n\t\t\t\t\t\t\t\t<div class=\"elementor-field-type-text elementor-field-group elementor-column elementor-field-group-field_8dc3046 elementor-col-50 elementor-field-required\">\n\t\t\t\t\t\t\t\t\t\t\t\t<label for=\"form-field-field_8dc3046\" class=\"elementor-field-label elementor-screen-only\">\n\t\t\t\t\t\t\t\tAddress\t\t\t\t\t\t\t<\/label>\n\t\t\t\t\t\t\t\t\t\t\t\t\t\t<input size=\"1\" type=\"text\" name=\"form_fields[field_8dc3046]\" id=\"form-field-field_8dc3046\" class=\"elementor-field elementor-size-sm  elementor-field-textual\" placeholder=\"Address\" required=\"required\">\n\t\t\t\t\t\t\t\t\t\t\t<\/div>\n\t\t\t\t\t\t\t\t<div class=\"elementor-field-type-select elementor-field-group elementor-column elementor-field-group-field_4f3b679 elementor-col-50 elementor-field-required\">\n\t\t\t\t\t\t\t\t\t\t\t\t<label for=\"form-field-field_4f3b679\" class=\"elementor-field-label elementor-screen-only\">\n\t\t\t\t\t\t\t\tClinic\t\t\t\t\t\t\t<\/label>\n\t\t\t\t\t\t\t\t<div class=\"elementor-field elementor-select-wrapper remove-before \">\n\t\t\t<div class=\"select-caret-down-wrapper\">\n\t\t\t\t<i aria-hidden=\"true\" class=\"eicon-caret-down\"><\/i>\t\t\t<\/div>\n\t\t\t<select name=\"form_fields[field_4f3b679]\" id=\"form-field-field_4f3b679\" class=\"elementor-field-textual elementor-size-sm\" required=\"required\">\n\t\t\t\t\t\t\t\t\t<option value=\"Cl\u00ednica Torre del Mar (M\u00e1laga)\">Cl\u00ednica Torre del Mar (M\u00e1laga)<\/option>\n\t\t\t\t\t\t\t\t\t<option value=\"Cl\u00ednica Lucena (C\u00f3rdoba)\">Cl\u00ednica Lucena (C\u00f3rdoba)<\/option>\n\t\t\t\t\t\t\t\t\t<option value=\"Both Clinics\">Both Clinics<\/option>\n\t\t\t\t\t\t\t<\/select>\n\t\t<\/div>\n\t\t\t\t\t\t<\/div>\n\t\t\t\t\t\t\t\t<div class=\"elementor-field-type-textarea elementor-field-group elementor-column elementor-field-group-message elementor-col-100 elementor-field-required\">\n\t\t\t\t\t\t\t\t\t\t\t\t<label for=\"form-field-message\" class=\"elementor-field-label elementor-screen-only\">\n\t\t\t\t\t\t\t\tStudies\t\t\t\t\t\t\t<\/label>\n\t\t\t\t\t\t<textarea class=\"elementor-field-textual elementor-field  elementor-size-sm\" name=\"form_fields[message]\" id=\"form-field-message\" rows=\"4\" placeholder=\"Studies\" required=\"required\"><\/textarea>\t\t\t\t<\/div>\n\t\t\t\t\t\t\t\t<div class=\"elementor-field-type-textarea elementor-field-group elementor-column elementor-field-group-field_73ba231 elementor-col-100 elementor-field-required\">\n\t\t\t\t\t\t\t\t\t\t\t\t<label for=\"form-field-field_73ba231\" class=\"elementor-field-label elementor-screen-only\">\n\t\t\t\t\t\t\t\tExperience\t\t\t\t\t\t\t<\/label>\n\t\t\t\t\t\t<textarea class=\"elementor-field-textual elementor-field  elementor-size-sm\" name=\"form_fields[field_73ba231]\" id=\"form-field-field_73ba231\" rows=\"4\" placeholder=\"Experience\" required=\"required\"><\/textarea>\t\t\t\t<\/div>\n\t\t\t\t\t\t\t\t<div class=\"elementor-field-type-textarea elementor-field-group elementor-column elementor-field-group-field_b0e52f8 elementor-col-100 elementor-field-required\">\n\t\t\t\t\t\t\t\t\t\t\t\t<label for=\"form-field-field_b0e52f8\" class=\"elementor-field-label elementor-screen-only\">\n\t\t\t\t\t\t\t\tPresentation\t\t\t\t\t\t\t<\/label>\n\t\t\t\t\t\t<textarea class=\"elementor-field-textual elementor-field  elementor-size-sm\" name=\"form_fields[field_b0e52f8]\" id=\"form-field-field_b0e52f8\" rows=\"4\" placeholder=\"Presentation\" required=\"required\"><\/textarea>\t\t\t\t<\/div>\n\t\t\t\t\t\t\t\t<div class=\"elementor-field-type-upload elementor-field-group elementor-column elementor-field-group-field_9300af9 elementor-col-100\">\n\t\t\t\t\t\t\t\t\t\t\t\t<label for=\"form-field-field_9300af9\" class=\"elementor-field-label elementor-screen-only\">\n\t\t\t\t\t\t\t\tcurriculum\t\t\t\t\t\t\t<\/label>\n\t\t\t\t\t\t\t\t<input type=\"file\" name=\"form_fields[field_9300af9]\" id=\"form-field-field_9300af9\" class=\"elementor-field elementor-size-sm  elementor-upload-field\" data-maxsize=\"10\" data-maxsize-message=\"This file exceeds the maximum allowed size.\">\n\n\t\t\t\t\t\t<\/div>\n\t\t\t\t\t\t\t\t<div class=\"elementor-field-type-acceptance elementor-field-group elementor-column elementor-field-group-field_22c2806 elementor-col-100 elementor-field-required\">\n\t\t\t\t\t\t\t\t\t\t\t\t<label for=\"form-field-field_22c2806\" class=\"elementor-field-label elementor-screen-only\">\n\t\t\t\t\t\t\t\tprivacy\t\t\t\t\t\t\t<\/label>\n\t\t\t\t\t\t\t\t<div class=\"elementor-field-subgroup\">\n\t\t\t<span class=\"elementor-field-option\">\n\t\t\t\t<input type=\"checkbox\" name=\"form_fields[field_22c2806]\" id=\"form-field-field_22c2806\" class=\"elementor-field elementor-size-sm  elementor-acceptance-field\" required=\"required\">\n\t\t\t\t<label for=\"form-field-field_22c2806\">I have read and accept the <a href=\"https:\/\/ramirezgalvez.com\/en\/privacy-policy\/\">privacy policy<\/a><\/label>\t\t\t<\/span>\n\t\t<\/div>\n\t\t\t\t\t\t<\/div>\n\t\t\t\t\t\t\t\t<div class=\"elementor-field-type-recaptcha_v3 elementor-field-group elementor-column elementor-field-group-field_ec28bce elementor-col-100 recaptcha_v3-bottomright\">\n\t\t\t\t\t<div class=\"elementor-field\" id=\"form-field-field_ec28bce\"><div class=\"elementor-g-recaptcha\" data-sitekey=\"6Le9zcUqAAAAABhUbfMC-0Bk2Sqs6-TAKTC4Mqyh\" data-type=\"v3\" data-action=\"Form\" data-badge=\"bottomright\" data-size=\"invisible\"><\/div><\/div>\t\t\t\t<\/div>\n\t\t\t\t\t\t\t\t<div class=\"elementor-field-group elementor-column elementor-field-type-submit elementor-col-100 e-form__buttons\">\n\t\t\t\t\t<button class=\"elementor-button elementor-size-sm\" type=\"submit\">\n\t\t\t\t\t\t<span class=\"elementor-button-content-wrapper\">\n\t\t\t\t\t\t\t\t\t\t\t\t\t\t\t\t\t\t\t\t\t\t<span class=\"elementor-button-text\">Send resume<\/span>\n\t\t\t\t\t\t\t\t\t\t\t\t\t<\/span>\n\t\t\t\t\t<\/button>\n\t\t\t\t<\/div>\n\t\t\t<\/div>\n\t\t<\/form>\n\t\t\t\t\t\t<\/div>\n\t\t\t\t<\/div>\n\t\t\t\t<div class=\"elementor-element elementor-element-a42048f aux-appear-watch-animation aux-fade-in-up elementor-widget elementor-widget-text-editor\" data-id=\"a42048f\" data-element_type=\"widget\" data-e-type=\"widget\" data-widget_type=\"text-editor.default\">\n\t\t\t\t<div class=\"elementor-widget-container\">\n\t\t\t\t\t\t\t\t\t<p><strong>Data controller:<\/strong> Ram\u00edrez &amp; G\u00e1lvez Clinics<br><strong>Purpose of processing:<\/strong> Processing of job applications.<br><strong>Legitimation basis:<\/strong> Consent of the interested party to respond to their query, request and\/or suggestion for information.<br><strong>Recipients:<\/strong> Your data will not be communicated to third parties. No international data transfers will be carried out. <br><strong>Rights:<\/strong> You have the right to access, rectify and delete the data, as well as other rights, as explained in the additional information.<br><strong>Additional information:<\/strong> You can consult the additional and detailed information on data protection in our <a href=\"https:\/\/ramirezgalvez.com\/en\/privacy-policy\/\" target=\"_blank\" rel=\"noopener\">Privacy Policy<\/a>.<\/p>\t\t\t\t\t\t\t\t<\/div>\n\t\t\t\t<\/div>\n\t\t\t\t<\/div>\n\t\t\t\t\t<\/div>\n\t\t\t\t<\/div>\n\t\t\t\t<\/div>\n\t\t","protected":false},"excerpt":{"rendered":"<p>Ram\u00edrez &amp; G\u00e1lvez Clinics Works with We Torre del Mar(M\u00e1laga) Torredelmar@ramirezgalvez.com C. Acuario, 3, 29740 Torre del Mar, M\u00e1laga Lucena(C\u00f3rdoba) Lucena@ramirezgalvez.com C. San Pedro, 6, 14900 Lucena, Cordoba Develop your talent in a team committed with excellence At Cl\u00ednica Ram\u00edrez &amp; G\u00e1lvez, we believe that excellence in visual and aesthetic health care begins with a [&hellip;]<\/p>\n","protected":false},"author":5,"featured_media":0,"parent":0,"menu_order":0,"comment_status":"closed","ping_status":"closed","template":"","meta":{"rs_blank_template":"","rs_page_bg_color":"","slide_template_v7":"","footnotes":""},"class_list":["post-8071","page","type-page","status-publish","hentry"],"_links":{"self":[{"href":"https:\/\/ramirezgalvez.com\/en\/wp-json\/wp\/v2\/pages\/8071","targetHints":{"allow":["GET"]}}],"collection":[{"href":"https:\/\/ramirezgalvez.com\/en\/wp-json\/wp\/v2\/pages"}],"about":[{"href":"https:\/\/ramirezgalvez.com\/en\/wp-json\/wp\/v2\/types\/page"}],"author":[{"embeddable":true,"href":"https:\/\/ramirezgalvez.com\/en\/wp-json\/wp\/v2\/users\/5"}],"replies":[{"embeddable":true,"href":"https:\/\/ramirezgalvez.com\/en\/wp-json\/wp\/v2\/comments?post=8071"}],"version-history":[{"count":2,"href":"https:\/\/ramirezgalvez.com\/en\/wp-json\/wp\/v2\/pages\/8071\/revisions"}],"predecessor-version":[{"id":8073,"href":"https:\/\/ramirezgalvez.com\/en\/wp-json\/wp\/v2\/pages\/8071\/revisions\/8073"}],"wp:attachment":[{"href":"https:\/\/ramirezgalvez.com\/en\/wp-json\/wp\/v2\/media?parent=8071"}],"curies":[{"name":"wp","href":"https:\/\/api.w.org\/{rel}","templated":true}]}}